{"id":3136681,"date":"2023-04-20T13:12:25","date_gmt":"2023-04-20T13:12:25","guid":{"rendered":"https:\/\/expertworldtravel.com\/mejor-esim-albania\/"},"modified":"2024-12-27T09:26:32","modified_gmt":"2024-12-27T09:26:32","slug":"esim-albania","status":"publish","type":"page","link":"https:\/\/expertworldtravel.com\/es\/esim-albania\/","title":{"rendered":"La mejor eSIM para Albania en 2025"},"content":{"rendered":"<p>\u00bfBusca una eSIM para Albania?<\/p>\n<p>Las ESIM son una excelente forma de ahorrar dinero al viajar por Albania. Y a continuaci\u00f3n he encontrado las mejores eSIM de Albania para tu pr\u00f3ximo viaje.<\/p>\n<p>Compara a continuaci\u00f3n los precios de las eSIM y las asignaciones de datos y mucho m\u00e1s de los principales proveedores de eSIM.<\/p>\n","protected":false},"excerpt":{"rendered":"<p>\u00bfBusca una eSIM para Albania? Las ESIM son una excelente forma de ahorrar dinero al viajar por Albania. Y a continuaci\u00f3n he encontrado las mejores eSIM de Albania para tu pr\u00f3ximo viaje. Compara a continuaci\u00f3n los precios de las eSIM y las asignaciones de datos y mucho m\u00e1s de los principales proveedores de eSIM.<\/p>\n","protected":false},"author":6,"featured_media":3134006,"parent":0,"menu_order":0,"comment_status":"closed","ping_status":"closed","template":"best-esim-template.php","meta":{"_lmt_disableupdate":"no","_lmt_disable":""},"categories":[600214,600182],"acf":[],"_links":{"self":[{"href":"https:\/\/expertworldtravel.com\/es\/wp-json\/wp\/v2\/pages\/3136681"}],"collection":[{"href":"https:\/\/expertworldtravel.com\/es\/wp-json\/wp\/v2\/pages"}],"about":[{"href":"https:\/\/expertworldtravel.com\/es\/wp-json\/wp\/v2\/types\/page"}],"author":[{"embeddable":true,"href":"https:\/\/expertworldtravel.com\/es\/wp-json\/wp\/v2\/users\/6"}],"replies":[{"embeddable":true,"href":"https:\/\/expertworldtravel.com\/es\/wp-json\/wp\/v2\/comments?post=3136681"}],"version-history":[{"count":2,"href":"https:\/\/expertworldtravel.com\/es\/wp-json\/wp\/v2\/pages\/3136681\/revisions"}],"predecessor-version":[{"id":3141945,"href":"https:\/\/expertworldtravel.com\/es\/wp-json\/wp\/v2\/pages\/3136681\/revisions\/3141945"}],"wp:featuredmedia":[{"embeddable":true,"href":"https:\/\/expertworldtravel.com\/es\/wp-json\/wp\/v2\/media\/3134006"}],"wp:attachment":[{"href":"https:\/\/expertworldtravel.com\/es\/wp-json\/wp\/v2\/media?parent=3136681"}],"wp:term":[{"taxonomy":"category","embeddable":true,"href":"https:\/\/expertworldtravel.com\/es\/wp-json\/wp\/v2\/categories?post=3136681"}],"curies":[{"name":"wp","href":"https:\/\/api.w.org\/{rel}","templated":true}]}}