{"id":3136685,"date":"2023-02-06T07:18:03","date_gmt":"2023-02-06T07:18:03","guid":{"rendered":"https:\/\/expertworldtravel.com\/best-esim-spain\/"},"modified":"2024-12-23T15:28:14","modified_gmt":"2024-12-23T15:28:14","slug":"esim-espana","status":"publish","type":"page","link":"https:\/\/expertworldtravel.com\/es\/esim-espana\/","title":{"rendered":"Mejor eSIM para Espa\u00f1a en 2025 (No m\u00e1s problemas de roaming)"},"content":{"rendered":"<p>\u00bfVa a Espa\u00f1a y quiere conseguir una eSIM para su viaje? En esta gu\u00eda detallada te contamos todo sobre las mejores tarjetas eSIM para Espa\u00f1a.<\/p>\n<p>He cubierto todo sobre las eSIM en Espa\u00f1a, desde lo que necesitas para conseguir una eSIM localmente hasta los mejores planes de datos eSIM disponibles ah\u00ed fuera.<\/p>\n<p>Tanto si necesitas un n\u00famero de tel\u00e9fono local como datos m\u00f3viles ilimitados, hay una eSIM para Espa\u00f1a perfecta para ti, \u00a1y la encontrar\u00e1s aqu\u00ed!<\/p>\n","protected":false},"excerpt":{"rendered":"<p>\u00bfVa a Espa\u00f1a y quiere conseguir una eSIM para su viaje? En esta gu\u00eda detallada te contamos todo sobre las mejores tarjetas eSIM para Espa\u00f1a. He cubierto todo sobre las eSIM en Espa\u00f1a, desde lo que necesitas para conseguir una eSIM localmente hasta los mejores planes de datos eSIM disponibles ah\u00ed fuera. Tanto si necesitas [&hellip;]<\/p>\n","protected":false},"author":6,"featured_media":3132716,"parent":0,"menu_order":0,"comment_status":"closed","ping_status":"closed","template":"best-template.php","meta":{"_lmt_disableupdate":"no","_lmt_disable":""},"categories":[],"acf":[],"_links":{"self":[{"href":"https:\/\/expertworldtravel.com\/es\/wp-json\/wp\/v2\/pages\/3136685"}],"collection":[{"href":"https:\/\/expertworldtravel.com\/es\/wp-json\/wp\/v2\/pages"}],"about":[{"href":"https:\/\/expertworldtravel.com\/es\/wp-json\/wp\/v2\/types\/page"}],"author":[{"embeddable":true,"href":"https:\/\/expertworldtravel.com\/es\/wp-json\/wp\/v2\/users\/6"}],"replies":[{"embeddable":true,"href":"https:\/\/expertworldtravel.com\/es\/wp-json\/wp\/v2\/comments?post=3136685"}],"version-history":[{"count":2,"href":"https:\/\/expertworldtravel.com\/es\/wp-json\/wp\/v2\/pages\/3136685\/revisions"}],"predecessor-version":[{"id":3141810,"href":"https:\/\/expertworldtravel.com\/es\/wp-json\/wp\/v2\/pages\/3136685\/revisions\/3141810"}],"wp:featuredmedia":[{"embeddable":true,"href":"https:\/\/expertworldtravel.com\/es\/wp-json\/wp\/v2\/media\/3132716"}],"wp:attachment":[{"href":"https:\/\/expertworldtravel.com\/es\/wp-json\/wp\/v2\/media?parent=3136685"}],"wp:term":[{"taxonomy":"category","embeddable":true,"href":"https:\/\/expertworldtravel.com\/es\/wp-json\/wp\/v2\/categories?post=3136685"}],"curies":[{"name":"wp","href":"https:\/\/api.w.org\/{rel}","templated":true}]}}