{"id":3136694,"date":"2023-04-13T11:51:24","date_gmt":"2023-04-13T11:51:24","guid":{"rendered":"https:\/\/expertworldtravel.com\/best-esim-south-america\/"},"modified":"2024-12-20T12:43:20","modified_gmt":"2024-12-20T12:43:20","slug":"best-esim-south-america","status":"publish","type":"page","link":"https:\/\/expertworldtravel.com\/es\/best-esim-south-america\/","title":{"rendered":"Mejor eSim para Sudam\u00e9rica (Gu\u00eda detallada)"},"content":{"rendered":"<p>\u00bfViaja a Sudam\u00e9rica y quiere una eSim para acceder a Internet mientras est\u00e1 all\u00ed?<br \/>\nEntonces ha llegado al lugar adecuado, porque esta gu\u00eda detallada le informar\u00e1 sobre los mejores proveedores para una eSim en Sudam\u00e9rica.<br \/>\nHe incluido los principales proveedores internacionales de eSim, con planes que van desde 100 MB a datos ilimitados.<br \/>\nHay una opci\u00f3n decente para todos en esta gu\u00eda de <strong>eSim de Sudam\u00e9rica<\/strong>, y si sigues desplaz\u00e1ndote encontrar\u00e1s al menos un par de planes de datos perfectos para tus necesidades de viaje. <\/p>\n","protected":false},"excerpt":{"rendered":"<p>\u00bfViaja a Sudam\u00e9rica y quiere una eSim para acceder a Internet mientras est\u00e1 all\u00ed? Entonces ha llegado al lugar adecuado, porque esta gu\u00eda detallada le informar\u00e1 sobre los mejores proveedores para una eSim en Sudam\u00e9rica. He incluido los principales proveedores internacionales de eSim, con planes que van desde 100 MB a datos ilimitados. Hay una [&hellip;]<\/p>\n","protected":false},"author":6,"featured_media":3133964,"parent":0,"menu_order":0,"comment_status":"closed","ping_status":"closed","template":"best-esim-template.php","meta":{"_lmt_disableupdate":"no","_lmt_disable":""},"categories":[600182],"acf":[],"_links":{"self":[{"href":"https:\/\/expertworldtravel.com\/es\/wp-json\/wp\/v2\/pages\/3136694"}],"collection":[{"href":"https:\/\/expertworldtravel.com\/es\/wp-json\/wp\/v2\/pages"}],"about":[{"href":"https:\/\/expertworldtravel.com\/es\/wp-json\/wp\/v2\/types\/page"}],"author":[{"embeddable":true,"href":"https:\/\/expertworldtravel.com\/es\/wp-json\/wp\/v2\/users\/6"}],"replies":[{"embeddable":true,"href":"https:\/\/expertworldtravel.com\/es\/wp-json\/wp\/v2\/comments?post=3136694"}],"version-history":[{"count":2,"href":"https:\/\/expertworldtravel.com\/es\/wp-json\/wp\/v2\/pages\/3136694\/revisions"}],"predecessor-version":[{"id":3141716,"href":"https:\/\/expertworldtravel.com\/es\/wp-json\/wp\/v2\/pages\/3136694\/revisions\/3141716"}],"wp:featuredmedia":[{"embeddable":true,"href":"https:\/\/expertworldtravel.com\/es\/wp-json\/wp\/v2\/media\/3133964"}],"wp:attachment":[{"href":"https:\/\/expertworldtravel.com\/es\/wp-json\/wp\/v2\/media?parent=3136694"}],"wp:term":[{"taxonomy":"category","embeddable":true,"href":"https:\/\/expertworldtravel.com\/es\/wp-json\/wp\/v2\/categories?post=3136694"}],"curies":[{"name":"wp","href":"https:\/\/api.w.org\/{rel}","templated":true}]}}