{"id":3136699,"date":"2023-07-31T18:48:12","date_gmt":"2023-07-31T18:48:12","guid":{"rendered":"https:\/\/expertworldtravel.com\/canary-islands-esim\/"},"modified":"2024-12-20T13:32:20","modified_gmt":"2024-12-20T13:32:20","slug":"esim-islas-canarias","status":"publish","type":"page","link":"https:\/\/expertworldtravel.com\/es\/esim-islas-canarias\/","title":{"rendered":"eSIMs canarias para viajar f\u00e1cilmente en 2025"},"content":{"rendered":"<p>\u00bfNecesita una eSIM para su viaje a Canarias o Tenerife? Entonces ha llegado al lugar adecuado, porque esta gu\u00eda detallada le informar\u00e1 sobre las mejores eSIM para las Islas Canarias.<\/p>\n<p>A continuaci\u00f3n encontrar\u00e1 las mejores eSIM que he podido encontrar en Internet, todas ellas funcionan perfectamente en las Islas Canarias y le proporcionar\u00e1n datos fiables para permanecer conectado durante sus vacaciones o viaje de negocios.<\/p>\n","protected":false},"excerpt":{"rendered":"<p>\u00bfNecesita una eSIM para su viaje a Canarias o Tenerife? Entonces ha llegado al lugar adecuado, porque esta gu\u00eda detallada le informar\u00e1 sobre las mejores eSIM para las Islas Canarias. A continuaci\u00f3n encontrar\u00e1 las mejores eSIM que he podido encontrar en Internet, todas ellas funcionan perfectamente en las Islas Canarias y le proporcionar\u00e1n datos fiables [&hellip;]<\/p>\n","protected":false},"author":1,"featured_media":0,"parent":0,"menu_order":0,"comment_status":"closed","ping_status":"closed","template":"best-template.php","meta":{"_lmt_disableupdate":"no","_lmt_disable":""},"categories":[],"acf":[],"_links":{"self":[{"href":"https:\/\/expertworldtravel.com\/es\/wp-json\/wp\/v2\/pages\/3136699"}],"collection":[{"href":"https:\/\/expertworldtravel.com\/es\/wp-json\/wp\/v2\/pages"}],"about":[{"href":"https:\/\/expertworldtravel.com\/es\/wp-json\/wp\/v2\/types\/page"}],"author":[{"embeddable":true,"href":"https:\/\/expertworldtravel.com\/es\/wp-json\/wp\/v2\/users\/1"}],"replies":[{"embeddable":true,"href":"https:\/\/expertworldtravel.com\/es\/wp-json\/wp\/v2\/comments?post=3136699"}],"version-history":[{"count":3,"href":"https:\/\/expertworldtravel.com\/es\/wp-json\/wp\/v2\/pages\/3136699\/revisions"}],"predecessor-version":[{"id":3141746,"href":"https:\/\/expertworldtravel.com\/es\/wp-json\/wp\/v2\/pages\/3136699\/revisions\/3141746"}],"wp:attachment":[{"href":"https:\/\/expertworldtravel.com\/es\/wp-json\/wp\/v2\/media?parent=3136699"}],"wp:term":[{"taxonomy":"category","embeddable":true,"href":"https:\/\/expertworldtravel.com\/es\/wp-json\/wp\/v2\/categories?post=3136699"}],"curies":[{"name":"wp","href":"https:\/\/api.w.org\/{rel}","templated":true}]}}