{"id":3136702,"date":"2023-04-05T08:27:38","date_gmt":"2023-04-05T08:27:38","guid":{"rendered":"https:\/\/expertworldtravel.com\/best-esim-south-korea\/"},"modified":"2023-08-17T09:18:49","modified_gmt":"2023-08-17T09:18:49","slug":"esim-corea-del-sur","status":"publish","type":"page","link":"https:\/\/expertworldtravel.com\/es\/esim-corea-del-sur\/","title":{"rendered":"Mejor eSim para Corea del Sur (F\u00e1cil acceso a Internet)"},"content":{"rendered":"<p>\u00bfEst\u00e1s planeando un viaje a Corea del Sur y necesitas una eSim con muchos datos y conectividad r\u00e1pida? No busque m\u00e1s. Nuestra gu\u00eda completa cubre las mejores opciones de eSim para los planes de Internet coreanos.<\/p>\n<p>Desde planes de datos concisos que ofrecen unos pocos gigabytes para estancias cortas, hasta paquetes de datos ilimitados para quienes planean darse el capricho de ver Netflix sin parar, nuestra gu\u00eda presenta una gama de soluciones que se adaptan a tus necesidades. Sum\u00e9rjase y explore nuestra selecci\u00f3n de los principales proveedores de eSim de Corea del Sur.<\/p>\n","protected":false},"excerpt":{"rendered":"<p>\u00bfEst\u00e1s planeando un viaje a Corea del Sur y necesitas una eSim con muchos datos y conectividad r\u00e1pida? No busque m\u00e1s. Nuestra gu\u00eda completa cubre las mejores opciones de eSim para los planes de Internet coreanos. Desde planes de datos concisos que ofrecen unos pocos gigabytes para estancias cortas, hasta paquetes de datos ilimitados para [&hellip;]<\/p>\n","protected":false},"author":2,"featured_media":3133813,"parent":0,"menu_order":0,"comment_status":"closed","ping_status":"closed","template":"best-esim-template.php","meta":{"_lmt_disableupdate":"no","_lmt_disable":""},"categories":[600186,600182],"acf":[],"_links":{"self":[{"href":"https:\/\/expertworldtravel.com\/es\/wp-json\/wp\/v2\/pages\/3136702"}],"collection":[{"href":"https:\/\/expertworldtravel.com\/es\/wp-json\/wp\/v2\/pages"}],"about":[{"href":"https:\/\/expertworldtravel.com\/es\/wp-json\/wp\/v2\/types\/page"}],"author":[{"embeddable":true,"href":"https:\/\/expertworldtravel.com\/es\/wp-json\/wp\/v2\/users\/2"}],"replies":[{"embeddable":true,"href":"https:\/\/expertworldtravel.com\/es\/wp-json\/wp\/v2\/comments?post=3136702"}],"version-history":[{"count":1,"href":"https:\/\/expertworldtravel.com\/es\/wp-json\/wp\/v2\/pages\/3136702\/revisions"}],"predecessor-version":[{"id":3136703,"href":"https:\/\/expertworldtravel.com\/es\/wp-json\/wp\/v2\/pages\/3136702\/revisions\/3136703"}],"wp:featuredmedia":[{"embeddable":true,"href":"https:\/\/expertworldtravel.com\/es\/wp-json\/wp\/v2\/media\/3133813"}],"wp:attachment":[{"href":"https:\/\/expertworldtravel.com\/es\/wp-json\/wp\/v2\/media?parent=3136702"}],"wp:term":[{"taxonomy":"category","embeddable":true,"href":"https:\/\/expertworldtravel.com\/es\/wp-json\/wp\/v2\/categories?post=3136702"}],"curies":[{"name":"wp","href":"https:\/\/api.w.org\/{rel}","templated":true}]}}