{"id":3136710,"date":"2023-03-28T19:08:39","date_gmt":"2023-03-28T19:08:39","guid":{"rendered":"https:\/\/expertworldtravel.com\/best-esim-indonesia\/"},"modified":"2024-12-19T12:25:02","modified_gmt":"2024-12-19T12:25:02","slug":"best-esim-indonesia","status":"publish","type":"page","link":"https:\/\/expertworldtravel.com\/es\/best-esim-indonesia\/","title":{"rendered":"La mejor eSIM para Indonesia (eSim asequible para Bali)"},"content":{"rendered":"<p class=\"ifp\">\u00bfQuiere conseguir una eSim para un viaje a Indonesia o Bali en concreto, pero no est\u00e1 seguro de cu\u00e1les son sus mejores opciones? Entonces has venido al lugar adecuado, porque esta gu\u00eda detallada incluye todos los eSims m\u00e1s populares para Indonesia y Bali.<\/p>\n<p>Aqu\u00ed ver\u00e1s varias opciones de eSim para Indonesia, desde planes de datos baratos para viajes cortos hasta paquetes que ofrecen <a href=\"https:\/\/expertworldtravel.com\/best-esim-asia\/\" target=\"_blank\" rel=\"noopener\">eSims de<\/a> datos ilimitados <a href=\"https:\/\/expertworldtravel.com\/best-esim-asia\/\" target=\"_blank\" rel=\"noopener\">dentro de Asia<\/a>. Tanto si vas a quedarte en el pa\u00eds unos d\u00edas como si vas a quedarte al menos un mes, hay diferentes eSims que cubrir\u00e1n tus necesidades, \u00a1y puedes leer todo sobre ellos a continuaci\u00f3n!<\/p>\n","protected":false},"excerpt":{"rendered":"<p>\u00bfQuiere conseguir una eSim para un viaje a Indonesia o Bali en concreto, pero no est\u00e1 seguro de cu\u00e1les son sus mejores opciones? Entonces has venido al lugar adecuado, porque esta gu\u00eda detallada incluye todos los eSims m\u00e1s populares para Indonesia y Bali. Aqu\u00ed ver\u00e1s varias opciones de eSim para Indonesia, desde planes de datos [&hellip;]<\/p>\n","protected":false},"author":2,"featured_media":0,"parent":0,"menu_order":0,"comment_status":"closed","ping_status":"closed","template":"best-esim-template.php","meta":{"_lmt_disableupdate":"no","_lmt_disable":""},"categories":[],"acf":[],"_links":{"self":[{"href":"https:\/\/expertworldtravel.com\/es\/wp-json\/wp\/v2\/pages\/3136710"}],"collection":[{"href":"https:\/\/expertworldtravel.com\/es\/wp-json\/wp\/v2\/pages"}],"about":[{"href":"https:\/\/expertworldtravel.com\/es\/wp-json\/wp\/v2\/types\/page"}],"author":[{"embeddable":true,"href":"https:\/\/expertworldtravel.com\/es\/wp-json\/wp\/v2\/users\/2"}],"replies":[{"embeddable":true,"href":"https:\/\/expertworldtravel.com\/es\/wp-json\/wp\/v2\/comments?post=3136710"}],"version-history":[{"count":2,"href":"https:\/\/expertworldtravel.com\/es\/wp-json\/wp\/v2\/pages\/3136710\/revisions"}],"predecessor-version":[{"id":3141671,"href":"https:\/\/expertworldtravel.com\/es\/wp-json\/wp\/v2\/pages\/3136710\/revisions\/3141671"}],"wp:attachment":[{"href":"https:\/\/expertworldtravel.com\/es\/wp-json\/wp\/v2\/media?parent=3136710"}],"wp:term":[{"taxonomy":"category","embeddable":true,"href":"https:\/\/expertworldtravel.com\/es\/wp-json\/wp\/v2\/categories?post=3136710"}],"curies":[{"name":"wp","href":"https:\/\/api.w.org\/{rel}","templated":true}]}}