{"id":3136791,"date":"2023-03-31T10:16:41","date_gmt":"2023-03-31T10:16:41","guid":{"rendered":"https:\/\/expertworldtravel.com\/best-esim-greece\/"},"modified":"2025-01-21T10:21:46","modified_gmt":"2025-01-21T10:21:46","slug":"esim-grecia","status":"publish","type":"page","link":"https:\/\/expertworldtravel.com\/es\/esim-grecia\/","title":{"rendered":"La mejor eSim para Grecia (proveedores locales e internacionales)"},"content":{"rendered":"<p>\u00bfNecesitas una eSIM para Grecia pero no sabes qu\u00e9 opciones tienes?<br \/>\nEntonces est\u00e1 en el lugar adecuado, porque esta gu\u00eda detallada incluye los mejores proveedores locales e internacionales de eSim para Grecia.<br \/>\nTanto si necesitas unos pocos gigabytes para un viaje corto como si vas a quedarte en el pa\u00eds durante un tiempo y necesitas una asignaci\u00f3n de datos mucho mayor, a continuaci\u00f3n encontrar\u00e1s al menos una opci\u00f3n adecuada.<br \/>\nSi por casualidad buscas un eSim para varios pa\u00edses europeos, <a href=\"https:\/\/expertworldtravel.com\/best-esim-europe\/\" target=\"_blank\" rel=\"noopener\">lee esta gu\u00eda de eSim<\/a>.<br \/>\nSigue leyendo para ver nuestras mejores opciones de <strong>proveedores de eSim en Grecia. <\/strong> <\/p>\n","protected":false},"excerpt":{"rendered":"<p>\u00bfNecesitas una eSIM para Grecia pero no sabes qu\u00e9 opciones tienes? Entonces est\u00e1 en el lugar adecuado, porque esta gu\u00eda detallada incluye los mejores proveedores locales e internacionales de eSim para Grecia. Tanto si necesitas unos pocos gigabytes para un viaje corto como si vas a quedarte en el pa\u00eds durante un tiempo y necesitas [&hellip;]<\/p>\n","protected":false},"author":6,"featured_media":3133954,"parent":0,"menu_order":0,"comment_status":"closed","ping_status":"closed","template":"best-esim-template.php","meta":{"_lmt_disableupdate":"no","_lmt_disable":""},"categories":[600219,600182],"acf":[],"_links":{"self":[{"href":"https:\/\/expertworldtravel.com\/es\/wp-json\/wp\/v2\/pages\/3136791"}],"collection":[{"href":"https:\/\/expertworldtravel.com\/es\/wp-json\/wp\/v2\/pages"}],"about":[{"href":"https:\/\/expertworldtravel.com\/es\/wp-json\/wp\/v2\/types\/page"}],"author":[{"embeddable":true,"href":"https:\/\/expertworldtravel.com\/es\/wp-json\/wp\/v2\/users\/6"}],"replies":[{"embeddable":true,"href":"https:\/\/expertworldtravel.com\/es\/wp-json\/wp\/v2\/comments?post=3136791"}],"version-history":[{"count":3,"href":"https:\/\/expertworldtravel.com\/es\/wp-json\/wp\/v2\/pages\/3136791\/revisions"}],"predecessor-version":[{"id":3142200,"href":"https:\/\/expertworldtravel.com\/es\/wp-json\/wp\/v2\/pages\/3136791\/revisions\/3142200"}],"wp:featuredmedia":[{"embeddable":true,"href":"https:\/\/expertworldtravel.com\/es\/wp-json\/wp\/v2\/media\/3133954"}],"wp:attachment":[{"href":"https:\/\/expertworldtravel.com\/es\/wp-json\/wp\/v2\/media?parent=3136791"}],"wp:term":[{"taxonomy":"category","embeddable":true,"href":"https:\/\/expertworldtravel.com\/es\/wp-json\/wp\/v2\/categories?post=3136791"}],"curies":[{"name":"wp","href":"https:\/\/api.w.org\/{rel}","templated":true}]}}