{"id":3136984,"date":"2023-07-24T11:11:20","date_gmt":"2023-07-24T11:11:20","guid":{"rendered":"https:\/\/expertworldtravel.com\/montenegro-la-mejor-esim-para-acceder-facilmente-a-internet\/"},"modified":"2023-08-18T15:05:27","modified_gmt":"2023-08-18T15:05:27","slug":"montenegro-esim","status":"publish","type":"page","link":"https:\/\/expertworldtravel.com\/es\/montenegro-esim\/","title":{"rendered":"Montenegro: la mejor eSim para acceder f\u00e1cilmente a Internet"},"content":{"rendered":"<p>\u00bfViaja a Montenegro y busca una eSim de prepago con datos sencillos y conectividad r\u00e1pida? \u00a1Hemos encontrado los mejores eSims de Montenegro para ti!<\/p>\n<p>Montenegro es un pa\u00eds peque\u00f1o, pero no querr\u00e1s viajar sin un buen plan de datos. Ya sean unos pocos gigabytes para estancias cortas o paquetes de datos eSIM ilimitados para streaming en la habitaci\u00f3n del hotel.<\/p>\n<p>En esta gu\u00eda encontrar\u00e1s nuestra selecci\u00f3n de los mejores eSims de nuestro reciente viaje por Montenegro.<\/p>\n","protected":false},"excerpt":{"rendered":"<p>\u00bfViaja a Montenegro y busca una eSim de prepago con datos sencillos y conectividad r\u00e1pida? \u00a1Hemos encontrado los mejores eSims de Montenegro para ti! Montenegro es un pa\u00eds peque\u00f1o, pero no querr\u00e1s viajar sin un buen plan de datos. Ya sean unos pocos gigabytes para estancias cortas o paquetes de datos eSIM ilimitados para streaming [&hellip;]<\/p>\n","protected":false},"author":2,"featured_media":3133813,"parent":0,"menu_order":0,"comment_status":"closed","ping_status":"closed","template":"best-esim-template.php","meta":{"_lmt_disableupdate":"no","_lmt_disable":""},"categories":[600186,600182],"acf":[],"_links":{"self":[{"href":"https:\/\/expertworldtravel.com\/es\/wp-json\/wp\/v2\/pages\/3136984"}],"collection":[{"href":"https:\/\/expertworldtravel.com\/es\/wp-json\/wp\/v2\/pages"}],"about":[{"href":"https:\/\/expertworldtravel.com\/es\/wp-json\/wp\/v2\/types\/page"}],"author":[{"embeddable":true,"href":"https:\/\/expertworldtravel.com\/es\/wp-json\/wp\/v2\/users\/2"}],"replies":[{"embeddable":true,"href":"https:\/\/expertworldtravel.com\/es\/wp-json\/wp\/v2\/comments?post=3136984"}],"version-history":[{"count":1,"href":"https:\/\/expertworldtravel.com\/es\/wp-json\/wp\/v2\/pages\/3136984\/revisions"}],"predecessor-version":[{"id":3136985,"href":"https:\/\/expertworldtravel.com\/es\/wp-json\/wp\/v2\/pages\/3136984\/revisions\/3136985"}],"wp:featuredmedia":[{"embeddable":true,"href":"https:\/\/expertworldtravel.com\/es\/wp-json\/wp\/v2\/media\/3133813"}],"wp:attachment":[{"href":"https:\/\/expertworldtravel.com\/es\/wp-json\/wp\/v2\/media?parent=3136984"}],"wp:term":[{"taxonomy":"category","embeddable":true,"href":"https:\/\/expertworldtravel.com\/es\/wp-json\/wp\/v2\/categories?post=3136984"}],"curies":[{"name":"wp","href":"https:\/\/api.w.org\/{rel}","templated":true}]}}