{"id":3136993,"date":"2023-04-04T14:07:37","date_gmt":"2023-04-04T14:07:37","guid":{"rendered":"https:\/\/expertworldtravel.com\/la-mejor-esim-para-japon-elija-la-que-mas-le-convenga\/"},"modified":"2024-12-20T13:35:14","modified_gmt":"2024-12-20T13:35:14","slug":"best-esim-japan","status":"publish","type":"page","link":"https:\/\/expertworldtravel.com\/es\/best-esim-japan\/","title":{"rendered":"5 mejores eSIM para Jap\u00f3n (elige la m\u00e1s adecuada para ti)"},"content":{"rendered":"<p class=\"ifp\">\u00bfBusca una eSIM para su viaje a Jap\u00f3n, pero no est\u00e1 seguro de cu\u00e1l es la mejor opci\u00f3n? \u00a1Esta gu\u00eda detallada cubre todas las mejores opciones de eSIM para Jap\u00f3n!<\/p>\n<p>Si vas a visitar algo m\u00e1s que Jap\u00f3n, consulta los <a href=\"https:\/\/expertworldtravel.com\/best-esim-asia\/\" target=\"_blank\" rel=\"noopener\">proveedores de Asia<\/a>. Tambi\u00e9n he incluido un par de opciones de tarjetas SIM japonesas f\u00edsicas para aquellos que no busquen estrictamente una eSIM y est\u00e9n abiertos a otras opciones siempre que dispongan de un buen plan de datos m\u00f3viles en Jap\u00f3n.<\/p>\n","protected":false},"excerpt":{"rendered":"<p>\u00bfBusca una eSIM para su viaje a Jap\u00f3n, pero no est\u00e1 seguro de cu\u00e1l es la mejor opci\u00f3n? \u00a1Esta gu\u00eda detallada cubre todas las mejores opciones de eSIM para Jap\u00f3n! Si vas a visitar algo m\u00e1s que Jap\u00f3n, consulta los proveedores de Asia. Tambi\u00e9n he incluido un par de opciones de tarjetas SIM japonesas f\u00edsicas [&hellip;]<\/p>\n","protected":false},"author":2,"featured_media":3133817,"parent":0,"menu_order":0,"comment_status":"closed","ping_status":"closed","template":"best-esim-template.php","meta":{"_lmt_disableupdate":"no","_lmt_disable":""},"categories":[600224,600182],"acf":[],"_links":{"self":[{"href":"https:\/\/expertworldtravel.com\/es\/wp-json\/wp\/v2\/pages\/3136993"}],"collection":[{"href":"https:\/\/expertworldtravel.com\/es\/wp-json\/wp\/v2\/pages"}],"about":[{"href":"https:\/\/expertworldtravel.com\/es\/wp-json\/wp\/v2\/types\/page"}],"author":[{"embeddable":true,"href":"https:\/\/expertworldtravel.com\/es\/wp-json\/wp\/v2\/users\/2"}],"replies":[{"embeddable":true,"href":"https:\/\/expertworldtravel.com\/es\/wp-json\/wp\/v2\/comments?post=3136993"}],"version-history":[{"count":3,"href":"https:\/\/expertworldtravel.com\/es\/wp-json\/wp\/v2\/pages\/3136993\/revisions"}],"predecessor-version":[{"id":3141753,"href":"https:\/\/expertworldtravel.com\/es\/wp-json\/wp\/v2\/pages\/3136993\/revisions\/3141753"}],"wp:featuredmedia":[{"embeddable":true,"href":"https:\/\/expertworldtravel.com\/es\/wp-json\/wp\/v2\/media\/3133817"}],"wp:attachment":[{"href":"https:\/\/expertworldtravel.com\/es\/wp-json\/wp\/v2\/media?parent=3136993"}],"wp:term":[{"taxonomy":"category","embeddable":true,"href":"https:\/\/expertworldtravel.com\/es\/wp-json\/wp\/v2\/categories?post=3136993"}],"curies":[{"name":"wp","href":"https:\/\/api.w.org\/{rel}","templated":true}]}}