{"id":3137008,"date":"2023-05-17T17:08:25","date_gmt":"2023-05-17T17:08:25","guid":{"rendered":"https:\/\/expertworldtravel.com\/la-mejor-esim-para-namibia-guia-para-viajeros\/"},"modified":"2023-08-19T17:07:03","modified_gmt":"2023-08-19T17:07:03","slug":"esim-namibia","status":"publish","type":"page","link":"https:\/\/expertworldtravel.com\/es\/esim-namibia\/","title":{"rendered":"La mejor eSim para Namibia: Gu\u00eda para viajeros"},"content":{"rendered":"<p>Puede que Namibia sea el pa\u00eds m\u00e1s bello de \u00c1frica, pero es una afirmaci\u00f3n atrevida, aunque no cabe duda de que es uno de ellos. Si est\u00e1s leyendo esto, lo m\u00e1s probable es que vayas a Namibia y te est\u00e9s preguntando c\u00f3mo mantenerte conectado a los datos m\u00f3viles mientras est\u00e1s all\u00ed.<\/p>\n<p>En este art\u00edculo, vamos a ver c\u00f3mo encontrar la mejor eSim Namibia tiene que ofrecer para sus viajes, ya que es la forma m\u00e1s conveniente de permanecer conectado en Namibia en comparaci\u00f3n con el uso de itinerancia de datos o conseguir una tarjeta SIM Namibia local.<\/p>\n<p>A continuaci\u00f3n encontrar\u00e1 todos los planes de datos eSim de prepago que ofrecen algunos de los mejores proveedores de eSim del planeta para que pueda encontrar la mejor eSim para Namibia.<\/p>\n","protected":false},"excerpt":{"rendered":"<p>Puede que Namibia sea el pa\u00eds m\u00e1s bello de \u00c1frica, pero es una afirmaci\u00f3n atrevida, aunque no cabe duda de que es uno de ellos. Si est\u00e1s leyendo esto, lo m\u00e1s probable es que vayas a Namibia y te est\u00e9s preguntando c\u00f3mo mantenerte conectado a los datos m\u00f3viles mientras est\u00e1s all\u00ed. En este art\u00edculo, vamos [&hellip;]<\/p>\n","protected":false},"author":2,"featured_media":3134157,"parent":0,"menu_order":0,"comment_status":"closed","ping_status":"closed","template":"best-esim-template.php","meta":{"_lmt_disableupdate":"no","_lmt_disable":""},"categories":[600182],"acf":[],"_links":{"self":[{"href":"https:\/\/expertworldtravel.com\/es\/wp-json\/wp\/v2\/pages\/3137008"}],"collection":[{"href":"https:\/\/expertworldtravel.com\/es\/wp-json\/wp\/v2\/pages"}],"about":[{"href":"https:\/\/expertworldtravel.com\/es\/wp-json\/wp\/v2\/types\/page"}],"author":[{"embeddable":true,"href":"https:\/\/expertworldtravel.com\/es\/wp-json\/wp\/v2\/users\/2"}],"replies":[{"embeddable":true,"href":"https:\/\/expertworldtravel.com\/es\/wp-json\/wp\/v2\/comments?post=3137008"}],"version-history":[{"count":1,"href":"https:\/\/expertworldtravel.com\/es\/wp-json\/wp\/v2\/pages\/3137008\/revisions"}],"predecessor-version":[{"id":3137010,"href":"https:\/\/expertworldtravel.com\/es\/wp-json\/wp\/v2\/pages\/3137008\/revisions\/3137010"}],"wp:featuredmedia":[{"embeddable":true,"href":"https:\/\/expertworldtravel.com\/es\/wp-json\/wp\/v2\/media\/3134157"}],"wp:attachment":[{"href":"https:\/\/expertworldtravel.com\/es\/wp-json\/wp\/v2\/media?parent=3137008"}],"wp:term":[{"taxonomy":"category","embeddable":true,"href":"https:\/\/expertworldtravel.com\/es\/wp-json\/wp\/v2\/categories?post=3137008"}],"curies":[{"name":"wp","href":"https:\/\/api.w.org\/{rel}","templated":true}]}}