{"id":3137433,"date":"2023-03-10T12:40:28","date_gmt":"2023-03-10T12:40:28","guid":{"rendered":"https:\/\/expertworldtravel.com\/mejor-esim-para-dubai-en-2023-emiratos-arabes-unidos\/"},"modified":"2023-08-22T14:36:40","modified_gmt":"2023-08-22T14:36:40","slug":"esim-dubai-emiratos-arabes-unidos","status":"publish","type":"page","link":"https:\/\/expertworldtravel.com\/es\/esim-dubai-emiratos-arabes-unidos\/","title":{"rendered":"Mejor eSim para Dubai en 2023 (Emiratos \u00c1rabes Unidos)"},"content":{"rendered":"<p>Si pronto viajar\u00e1 a Dubai y a los Emiratos \u00c1rabes Unidos, una eSim de prepago es la forma perfecta de disponer de datos m\u00f3viles durante su viaje.<\/p>\n<p>Puede que el hotel tenga wifi en la habitaci\u00f3n, pero si est\u00e1s en la piscina, en la playa o explorando la ciudad, seguro que quieres datos en tu tel\u00e9fono.<\/p>\n<p>El reto es que los EAU no tienen tantos paquetes de datos eSim como otros pa\u00edses. Sin embargo, he rastreado todas las empresas de eSim y he encontrado el mejor eSim para los Emiratos \u00c1rabes Unidos que he podido encontrar.<\/p>\n","protected":false},"excerpt":{"rendered":"<p>Si pronto viajar\u00e1 a Dubai y a los Emiratos \u00c1rabes Unidos, una eSim de prepago es la forma perfecta de disponer de datos m\u00f3viles durante su viaje. Puede que el hotel tenga wifi en la habitaci\u00f3n, pero si est\u00e1s en la piscina, en la playa o explorando la ciudad, seguro que quieres datos en tu [&hellip;]<\/p>\n","protected":false},"author":1,"featured_media":0,"parent":0,"menu_order":0,"comment_status":"closed","ping_status":"closed","template":"best-template.php","meta":{"_lmt_disableupdate":"no","_lmt_disable":""},"categories":[600182],"acf":[],"_links":{"self":[{"href":"https:\/\/expertworldtravel.com\/es\/wp-json\/wp\/v2\/pages\/3137433"}],"collection":[{"href":"https:\/\/expertworldtravel.com\/es\/wp-json\/wp\/v2\/pages"}],"about":[{"href":"https:\/\/expertworldtravel.com\/es\/wp-json\/wp\/v2\/types\/page"}],"author":[{"embeddable":true,"href":"https:\/\/expertworldtravel.com\/es\/wp-json\/wp\/v2\/users\/1"}],"replies":[{"embeddable":true,"href":"https:\/\/expertworldtravel.com\/es\/wp-json\/wp\/v2\/comments?post=3137433"}],"version-history":[{"count":1,"href":"https:\/\/expertworldtravel.com\/es\/wp-json\/wp\/v2\/pages\/3137433\/revisions"}],"predecessor-version":[{"id":3137436,"href":"https:\/\/expertworldtravel.com\/es\/wp-json\/wp\/v2\/pages\/3137433\/revisions\/3137436"}],"wp:attachment":[{"href":"https:\/\/expertworldtravel.com\/es\/wp-json\/wp\/v2\/media?parent=3137433"}],"wp:term":[{"taxonomy":"category","embeddable":true,"href":"https:\/\/expertworldtravel.com\/es\/wp-json\/wp\/v2\/categories?post=3137433"}],"curies":[{"name":"wp","href":"https:\/\/api.w.org\/{rel}","templated":true}]}}