{"id":3137974,"date":"2023-01-07T23:50:04","date_gmt":"2023-01-07T23:50:04","guid":{"rendered":"https:\/\/expertworldtravel.com\/airalo-review-la-mejor-y-mas-sencilla-esim\/"},"modified":"2023-08-29T08:16:48","modified_gmt":"2023-08-29T08:16:48","slug":"airalo-esim-opinion","status":"publish","type":"page","link":"https:\/\/expertworldtravel.com\/es\/airalo-esim-opinion\/","title":{"rendered":"Opini\u00f3n de la eSIM de Airalo &#8211; \u00bffunciona?"},"content":{"rendered":"<p><a href=\"https:\/\/airalo.pxf.io\/gb961v\" target=\"_blank\" rel=\"noopener\">Airalo tiene fama<\/a> de ser el mejor proveedor mundial de eSim y lo he estado utilizando durante los \u00faltimos meses en un gran viaje.<\/p>\n<p>Me hicieron la vida muy f\u00e1cil mientras me desplazaba de un pa\u00eds a otro proporcion\u00e1ndome paquetes de datos m\u00f3viles sin tener que levantarme de la silla. Esa es la belleza de eSims.<\/p>\n<p>Los esims son electr\u00f3nicos, por lo que puedes descargarlos f\u00e1cilmente a tu tel\u00e9fono v\u00eda wifi, incluso antes de viajar a un nuevo pa\u00eds. As\u00ed, puedes aterrizar funcionando con datos y utilizar el correo electr\u00f3nico, Google Maps o cualquier App que necesites en tu nuevo destino.<\/p>\n<p>Pero, \u00bfson los eSims de Airalo tan buenos como muchos los pintan? En esta rese\u00f1a les contar\u00e9 todo sobre ellos, incluida mi experiencia con ellos.<\/p>\n","protected":false},"excerpt":{"rendered":"<p>Airalo tiene fama de ser el mejor proveedor mundial de eSim y lo he estado utilizando durante los \u00faltimos meses en un gran viaje. Me hicieron la vida muy f\u00e1cil mientras me desplazaba de un pa\u00eds a otro proporcion\u00e1ndome paquetes de datos m\u00f3viles sin tener que levantarme de la silla. Esa es la belleza de [&hellip;]<\/p>\n","protected":false},"author":2,"featured_media":0,"parent":0,"menu_order":0,"comment_status":"closed","ping_status":"closed","template":"single-product-review.php","meta":{"_lmt_disableupdate":"no","_lmt_disable":""},"categories":[600182],"acf":[],"_links":{"self":[{"href":"https:\/\/expertworldtravel.com\/es\/wp-json\/wp\/v2\/pages\/3137974"}],"collection":[{"href":"https:\/\/expertworldtravel.com\/es\/wp-json\/wp\/v2\/pages"}],"about":[{"href":"https:\/\/expertworldtravel.com\/es\/wp-json\/wp\/v2\/types\/page"}],"author":[{"embeddable":true,"href":"https:\/\/expertworldtravel.com\/es\/wp-json\/wp\/v2\/users\/2"}],"replies":[{"embeddable":true,"href":"https:\/\/expertworldtravel.com\/es\/wp-json\/wp\/v2\/comments?post=3137974"}],"version-history":[{"count":3,"href":"https:\/\/expertworldtravel.com\/es\/wp-json\/wp\/v2\/pages\/3137974\/revisions"}],"predecessor-version":[{"id":3137992,"href":"https:\/\/expertworldtravel.com\/es\/wp-json\/wp\/v2\/pages\/3137974\/revisions\/3137992"}],"wp:attachment":[{"href":"https:\/\/expertworldtravel.com\/es\/wp-json\/wp\/v2\/media?parent=3137974"}],"wp:term":[{"taxonomy":"category","embeddable":true,"href":"https:\/\/expertworldtravel.com\/es\/wp-json\/wp\/v2\/categories?post=3137974"}],"curies":[{"name":"wp","href":"https:\/\/api.w.org\/{rel}","templated":true}]}}