{"id":3138037,"date":"2023-05-11T19:39:33","date_gmt":"2023-05-11T19:39:33","guid":{"rendered":"https:\/\/expertworldtravel.com\/paraguay-las-mejores-esim-para-estar-conectado-en-la-carretera\/"},"modified":"2023-08-29T14:27:57","modified_gmt":"2023-08-29T14:27:57","slug":"paraguay-esim","status":"publish","type":"page","link":"https:\/\/expertworldtravel.com\/es\/paraguay-esim\/","title":{"rendered":"Paraguay: Las mejores eSIM para estar conectado en la carretera"},"content":{"rendered":"<p>El uso de eSIMs mientras se viaja por Paraguay es ideal para datos m\u00f3viles. Por eso hemos recopilado todas las mejores eSIM de Paraguay para que puedas elegir.<\/p>\n<p>\u00bfPor qu\u00e9 utilizar la itinerancia de datos caros, cuando se puede utilizar un c\u00f3modo y asequible Paraguay eSIM.<\/p>\n<p>Despl\u00e1cese hacia abajo para descubrir las mejores eSIMS para su pr\u00f3ximo viaje a Paraguay.<\/p>\n","protected":false},"excerpt":{"rendered":"<p>El uso de eSIMs mientras se viaja por Paraguay es ideal para datos m\u00f3viles. Por eso hemos recopilado todas las mejores eSIM de Paraguay para que puedas elegir. \u00bfPor qu\u00e9 utilizar la itinerancia de datos caros, cuando se puede utilizar un c\u00f3modo y asequible Paraguay eSIM. Despl\u00e1cese hacia abajo para descubrir las mejores eSIMS para [&hellip;]<\/p>\n","protected":false},"author":2,"featured_media":3134145,"parent":0,"menu_order":0,"comment_status":"closed","ping_status":"closed","template":"best-esim-template.php","meta":{"_lmt_disableupdate":"no","_lmt_disable":""},"categories":[600182],"acf":[],"_links":{"self":[{"href":"https:\/\/expertworldtravel.com\/es\/wp-json\/wp\/v2\/pages\/3138037"}],"collection":[{"href":"https:\/\/expertworldtravel.com\/es\/wp-json\/wp\/v2\/pages"}],"about":[{"href":"https:\/\/expertworldtravel.com\/es\/wp-json\/wp\/v2\/types\/page"}],"author":[{"embeddable":true,"href":"https:\/\/expertworldtravel.com\/es\/wp-json\/wp\/v2\/users\/2"}],"replies":[{"embeddable":true,"href":"https:\/\/expertworldtravel.com\/es\/wp-json\/wp\/v2\/comments?post=3138037"}],"version-history":[{"count":3,"href":"https:\/\/expertworldtravel.com\/es\/wp-json\/wp\/v2\/pages\/3138037\/revisions"}],"predecessor-version":[{"id":3138154,"href":"https:\/\/expertworldtravel.com\/es\/wp-json\/wp\/v2\/pages\/3138037\/revisions\/3138154"}],"wp:featuredmedia":[{"embeddable":true,"href":"https:\/\/expertworldtravel.com\/es\/wp-json\/wp\/v2\/media\/3134145"}],"wp:attachment":[{"href":"https:\/\/expertworldtravel.com\/es\/wp-json\/wp\/v2\/media?parent=3138037"}],"wp:term":[{"taxonomy":"category","embeddable":true,"href":"https:\/\/expertworldtravel.com\/es\/wp-json\/wp\/v2\/categories?post=3138037"}],"curies":[{"name":"wp","href":"https:\/\/api.w.org\/{rel}","templated":true}]}}