{"id":3138111,"date":"2023-05-10T18:25:25","date_gmt":"2023-05-10T18:25:25","guid":{"rendered":"https:\/\/expertworldtravel.com\/mejor-esim-para-panama-guia-para-viajeros\/"},"modified":"2024-12-29T14:59:56","modified_gmt":"2024-12-29T14:59:56","slug":"esim-panama","status":"publish","type":"page","link":"https:\/\/expertworldtravel.com\/es\/esim-panama\/","title":{"rendered":"Mejor eSIM para Panam\u00e1 (Gu\u00eda para viajeros)"},"content":{"rendered":"<p>Si viaja a Panam\u00e1 y necesita una eSIM para mantenerse conectado, \u00a1est\u00e1 de suerte!<\/p>\n<p>Las eSIM paname\u00f1as son la forma m\u00e1s c\u00f3moda de disponer de datos m\u00f3viles mientras viajas. Y, hoy en d\u00eda, hay bastantes proveedores de eSIM para ahorrarte los disparatados costes del roaming.<\/p>\n<p>Acomp\u00e1\u00f1ame en este repaso a los mejores planes de datos eSIM para que encuentres la mejor eSIM para Panam\u00e1.<\/p>\n","protected":false},"excerpt":{"rendered":"<p>Si viaja a Panam\u00e1 y necesita una eSIM para mantenerse conectado, \u00a1est\u00e1 de suerte! Las eSIM paname\u00f1as son la forma m\u00e1s c\u00f3moda de disponer de datos m\u00f3viles mientras viajas. Y, hoy en d\u00eda, hay bastantes proveedores de eSIM para ahorrarte los disparatados costes del roaming. Acomp\u00e1\u00f1ame en este repaso a los mejores planes de datos [&hellip;]<\/p>\n","protected":false},"author":2,"featured_media":3134139,"parent":0,"menu_order":0,"comment_status":"closed","ping_status":"closed","template":"best-esim-template.php","meta":{"_lmt_disableupdate":"no","_lmt_disable":""},"categories":[600182,600233],"acf":[],"_links":{"self":[{"href":"https:\/\/expertworldtravel.com\/es\/wp-json\/wp\/v2\/pages\/3138111"}],"collection":[{"href":"https:\/\/expertworldtravel.com\/es\/wp-json\/wp\/v2\/pages"}],"about":[{"href":"https:\/\/expertworldtravel.com\/es\/wp-json\/wp\/v2\/types\/page"}],"author":[{"embeddable":true,"href":"https:\/\/expertworldtravel.com\/es\/wp-json\/wp\/v2\/users\/2"}],"replies":[{"embeddable":true,"href":"https:\/\/expertworldtravel.com\/es\/wp-json\/wp\/v2\/comments?post=3138111"}],"version-history":[{"count":2,"href":"https:\/\/expertworldtravel.com\/es\/wp-json\/wp\/v2\/pages\/3138111\/revisions"}],"predecessor-version":[{"id":3138167,"href":"https:\/\/expertworldtravel.com\/es\/wp-json\/wp\/v2\/pages\/3138111\/revisions\/3138167"}],"wp:featuredmedia":[{"embeddable":true,"href":"https:\/\/expertworldtravel.com\/es\/wp-json\/wp\/v2\/media\/3134139"}],"wp:attachment":[{"href":"https:\/\/expertworldtravel.com\/es\/wp-json\/wp\/v2\/media?parent=3138111"}],"wp:term":[{"taxonomy":"category","embeddable":true,"href":"https:\/\/expertworldtravel.com\/es\/wp-json\/wp\/v2\/categories?post=3138111"}],"curies":[{"name":"wp","href":"https:\/\/api.w.org\/{rel}","templated":true}]}}