{"id":3138187,"date":"2023-05-13T21:02:52","date_gmt":"2023-05-13T21:02:52","guid":{"rendered":"https:\/\/expertworldtravel.com\/mejor-esim-para-republica-dominicana-facil-acceso-a-internet\/"},"modified":"2023-08-29T16:24:48","modified_gmt":"2023-08-29T16:24:48","slug":"esim-republica-dominicana","status":"publish","type":"page","link":"https:\/\/expertworldtravel.com\/es\/esim-republica-dominicana\/","title":{"rendered":"Mejor eSIM para Rep\u00fablica Dominicana (F\u00e1cil acceso a Internet)"},"content":{"rendered":"<p>\u00bfEst\u00e1 planeando un viaje a la Rep\u00fablica Dominicana? Es una isla impresionante, pero vas a necesitar una eSIM para disponer de Internet m\u00f3vil rentable durante tu viaje.<\/p>\n<p>La conexi\u00f3n a Internet WiFi est\u00e1ndar en la Rep\u00fablica Dominicana no es muy buena, as\u00ed que tener una conexi\u00f3n de datos en el tel\u00e9fono es importante si quieres mantenerte en contacto con el mundo.<\/p>\n<p>Una eSIM de la Rep\u00fablica Dominicana es, con mucho, la opci\u00f3n m\u00e1s conveniente y, a continuaci\u00f3n, encontrar\u00e1 una revisi\u00f3n de todos los principales proveedores de eSIM de la Rep\u00fablica Dominicana. Repasamos sus planes de datos para que encuentres la mejor eSIM de Rep\u00fablica Dominicana para tu viaje.<\/p>\n","protected":false},"excerpt":{"rendered":"<p>\u00bfEst\u00e1 planeando un viaje a la Rep\u00fablica Dominicana? Es una isla impresionante, pero vas a necesitar una eSIM para disponer de Internet m\u00f3vil rentable durante tu viaje. La conexi\u00f3n a Internet WiFi est\u00e1ndar en la Rep\u00fablica Dominicana no es muy buena, as\u00ed que tener una conexi\u00f3n de datos en el tel\u00e9fono es importante si quieres [&hellip;]<\/p>\n","protected":false},"author":2,"featured_media":3134151,"parent":0,"menu_order":0,"comment_status":"closed","ping_status":"closed","template":"best-esim-template.php","meta":{"_lmt_disableupdate":"no","_lmt_disable":""},"categories":[600182],"acf":[],"_links":{"self":[{"href":"https:\/\/expertworldtravel.com\/es\/wp-json\/wp\/v2\/pages\/3138187"}],"collection":[{"href":"https:\/\/expertworldtravel.com\/es\/wp-json\/wp\/v2\/pages"}],"about":[{"href":"https:\/\/expertworldtravel.com\/es\/wp-json\/wp\/v2\/types\/page"}],"author":[{"embeddable":true,"href":"https:\/\/expertworldtravel.com\/es\/wp-json\/wp\/v2\/users\/2"}],"replies":[{"embeddable":true,"href":"https:\/\/expertworldtravel.com\/es\/wp-json\/wp\/v2\/comments?post=3138187"}],"version-history":[{"count":1,"href":"https:\/\/expertworldtravel.com\/es\/wp-json\/wp\/v2\/pages\/3138187\/revisions"}],"predecessor-version":[{"id":3138188,"href":"https:\/\/expertworldtravel.com\/es\/wp-json\/wp\/v2\/pages\/3138187\/revisions\/3138188"}],"wp:featuredmedia":[{"embeddable":true,"href":"https:\/\/expertworldtravel.com\/es\/wp-json\/wp\/v2\/media\/3134151"}],"wp:attachment":[{"href":"https:\/\/expertworldtravel.com\/es\/wp-json\/wp\/v2\/media?parent=3138187"}],"wp:term":[{"taxonomy":"category","embeddable":true,"href":"https:\/\/expertworldtravel.com\/es\/wp-json\/wp\/v2\/categories?post=3138187"}],"curies":[{"name":"wp","href":"https:\/\/api.w.org\/{rel}","templated":true}]}}