{"id":3138210,"date":"2023-05-11T17:02:19","date_gmt":"2023-05-11T17:02:19","guid":{"rendered":"https:\/\/expertworldtravel.com\/mejor-esim-para-tanzania-mantente-conectado-mientras-viajas\/"},"modified":"2025-01-06T08:24:56","modified_gmt":"2025-01-06T08:24:56","slug":"esim-tanzania","status":"publish","type":"page","link":"https:\/\/expertworldtravel.com\/es\/esim-tanzania\/","title":{"rendered":"Mejor eSIM para Tanzania (Mantente conectado mientras viajas)"},"content":{"rendered":"<p>\u00bfVas a Tanzania y necesitas una eSIM?<\/p>\n<p>Tanzania es uno de mis pa\u00edses favoritos del mundo. Probablemente se pregunte cu\u00e1l es la mejor manera de mantenerse conectado mientras est\u00e1 all\u00ed, as\u00ed que vamos a resolverlo por usted.<\/p>\n<p>Puedes utilizar la itinerancia de datos, pero no te lo recomiendo porque es demasiado cara. Una tarjeta SIM local es una opci\u00f3n, pero conlleva algunas complicaciones. \u00bfQu\u00e9 le parecen las mejores eSIM que ofrece Tanzania?<\/p>\n<p>Las eSims son incre\u00edblemente c\u00f3modas y asequibles, as\u00ed que vamos a buscarte <strong>la mejor eSIM para Tanzania<\/strong>. A continuaci\u00f3n he revisado los planes de datos eSim de Tanzania de los principales proveedores mundiales de eSim para que puedas encontrar la mejor eSim para tu viaje a este m\u00e1gico pa\u00eds.<\/p>\n","protected":false},"excerpt":{"rendered":"<p>\u00bfVas a Tanzania y necesitas una eSIM? Tanzania es uno de mis pa\u00edses favoritos del mundo. Probablemente se pregunte cu\u00e1l es la mejor manera de mantenerse conectado mientras est\u00e1 all\u00ed, as\u00ed que vamos a resolverlo por usted. Puedes utilizar la itinerancia de datos, pero no te lo recomiendo porque es demasiado cara. Una tarjeta SIM [&hellip;]<\/p>\n","protected":false},"author":2,"featured_media":3134149,"parent":0,"menu_order":0,"comment_status":"closed","ping_status":"closed","template":"best-esim-template.php","meta":{"_lmt_disableupdate":"no","_lmt_disable":""},"categories":[600182],"acf":[],"_links":{"self":[{"href":"https:\/\/expertworldtravel.com\/es\/wp-json\/wp\/v2\/pages\/3138210"}],"collection":[{"href":"https:\/\/expertworldtravel.com\/es\/wp-json\/wp\/v2\/pages"}],"about":[{"href":"https:\/\/expertworldtravel.com\/es\/wp-json\/wp\/v2\/types\/page"}],"author":[{"embeddable":true,"href":"https:\/\/expertworldtravel.com\/es\/wp-json\/wp\/v2\/users\/2"}],"replies":[{"embeddable":true,"href":"https:\/\/expertworldtravel.com\/es\/wp-json\/wp\/v2\/comments?post=3138210"}],"version-history":[{"count":2,"href":"https:\/\/expertworldtravel.com\/es\/wp-json\/wp\/v2\/pages\/3138210\/revisions"}],"predecessor-version":[{"id":3138218,"href":"https:\/\/expertworldtravel.com\/es\/wp-json\/wp\/v2\/pages\/3138210\/revisions\/3138218"}],"wp:featuredmedia":[{"embeddable":true,"href":"https:\/\/expertworldtravel.com\/es\/wp-json\/wp\/v2\/media\/3134149"}],"wp:attachment":[{"href":"https:\/\/expertworldtravel.com\/es\/wp-json\/wp\/v2\/media?parent=3138210"}],"wp:term":[{"taxonomy":"category","embeddable":true,"href":"https:\/\/expertworldtravel.com\/es\/wp-json\/wp\/v2\/categories?post=3138210"}],"curies":[{"name":"wp","href":"https:\/\/api.w.org\/{rel}","templated":true}]}}