{"id":3138229,"date":"2023-05-17T18:35:05","date_gmt":"2023-05-17T18:35:05","guid":{"rendered":"https:\/\/expertworldtravel.com\/la-mejor-esim-para-etiopia-guia-para-viajeros\/"},"modified":"2023-08-30T08:38:57","modified_gmt":"2023-08-30T08:38:57","slug":"esim-etiopia","status":"publish","type":"page","link":"https:\/\/expertworldtravel.com\/es\/esim-etiopia\/","title":{"rendered":"La mejor eSim para Etiop\u00eda: Gu\u00eda para viajeros"},"content":{"rendered":"<p>Si est\u00e1s planeando un viaje a Etiop\u00eda, lo m\u00e1s probable es que te preguntes cu\u00e1l es la mejor manera de mantenerte conectado a los datos m\u00f3viles mientras est\u00e1s all\u00ed.<\/p>\n<p>Puedes comprar una tarjeta SIM f\u00edsica sobre el terreno en Etiop\u00eda cuando aterrices, utilizar la costosa itinerancia de datos o encontrar la mejor eSim que Etiop\u00eda puede ofrecerte.<\/p>\n<p>En este art\u00edculo, repasar\u00e9 todos los proveedores mundiales de eSim y sus planes de datos eSim que cubren Etiop\u00eda para que puedas encontrar la mejor eSim para Etiop\u00eda para tus viajes.<\/p>\n","protected":false},"excerpt":{"rendered":"<p>Si est\u00e1s planeando un viaje a Etiop\u00eda, lo m\u00e1s probable es que te preguntes cu\u00e1l es la mejor manera de mantenerte conectado a los datos m\u00f3viles mientras est\u00e1s all\u00ed. Puedes comprar una tarjeta SIM f\u00edsica sobre el terreno en Etiop\u00eda cuando aterrices, utilizar la costosa itinerancia de datos o encontrar la mejor eSim que Etiop\u00eda [&hellip;]<\/p>\n","protected":false},"author":2,"featured_media":3134159,"parent":0,"menu_order":0,"comment_status":"closed","ping_status":"closed","template":"best-esim-template.php","meta":{"_lmt_disableupdate":"no","_lmt_disable":""},"categories":[600237,600182],"acf":[],"_links":{"self":[{"href":"https:\/\/expertworldtravel.com\/es\/wp-json\/wp\/v2\/pages\/3138229"}],"collection":[{"href":"https:\/\/expertworldtravel.com\/es\/wp-json\/wp\/v2\/pages"}],"about":[{"href":"https:\/\/expertworldtravel.com\/es\/wp-json\/wp\/v2\/types\/page"}],"author":[{"embeddable":true,"href":"https:\/\/expertworldtravel.com\/es\/wp-json\/wp\/v2\/users\/2"}],"replies":[{"embeddable":true,"href":"https:\/\/expertworldtravel.com\/es\/wp-json\/wp\/v2\/comments?post=3138229"}],"version-history":[{"count":1,"href":"https:\/\/expertworldtravel.com\/es\/wp-json\/wp\/v2\/pages\/3138229\/revisions"}],"predecessor-version":[{"id":3138234,"href":"https:\/\/expertworldtravel.com\/es\/wp-json\/wp\/v2\/pages\/3138229\/revisions\/3138234"}],"wp:featuredmedia":[{"embeddable":true,"href":"https:\/\/expertworldtravel.com\/es\/wp-json\/wp\/v2\/media\/3134159"}],"wp:attachment":[{"href":"https:\/\/expertworldtravel.com\/es\/wp-json\/wp\/v2\/media?parent=3138229"}],"wp:term":[{"taxonomy":"category","embeddable":true,"href":"https:\/\/expertworldtravel.com\/es\/wp-json\/wp\/v2\/categories?post=3138229"}],"curies":[{"name":"wp","href":"https:\/\/api.w.org\/{rel}","templated":true}]}}