{"id":3138286,"date":"2023-05-05T16:24:50","date_gmt":"2023-05-05T16:24:50","guid":{"rendered":"https:\/\/expertworldtravel.com\/las-mejores-esim-de-marruecos-para-estar-conectado-mientras-viaja\/"},"modified":"2025-01-02T12:40:23","modified_gmt":"2025-01-02T12:40:23","slug":"esim-marruecos","status":"publish","type":"page","link":"https:\/\/expertworldtravel.com\/es\/esim-marruecos\/","title":{"rendered":"Las mejores eSIM de Marruecos para estar conectado mientras viaja"},"content":{"rendered":"<p>\u00bfNecesitas una eSIM en Marruecos para mantenerte conectado mientras viajas?<br \/>\nNo hay nada peor que quedarse sin datos m\u00f3viles en itinerancia en un pa\u00eds como Marruecos.<br \/>\nY una eSIM marroqu\u00ed es un salvavidas cuando se trata de datos m\u00f3viles asequibles.<br \/>\nPero, \u00bfcu\u00e1l es la mejor eSIM para Marruecos?<br \/>\nPara eso estoy aqu\u00ed.<br \/>\nAcomp\u00e1\u00f1ame en este repaso a los mejores proveedores de eSIM de Marruecos y sus planes para que encuentres el m\u00e1s adecuado para ti.<\/p>\n","protected":false},"excerpt":{"rendered":"<p>\u00bfNecesitas una eSIM en Marruecos para mantenerte conectado mientras viajas? No hay nada peor que quedarse sin datos m\u00f3viles en itinerancia en un pa\u00eds como Marruecos. Y una eSIM marroqu\u00ed es un salvavidas cuando se trata de datos m\u00f3viles asequibles. Pero, \u00bfcu\u00e1l es la mejor eSIM para Marruecos? Para eso estoy aqu\u00ed. Acomp\u00e1\u00f1ame en este [&hellip;]<\/p>\n","protected":false},"author":2,"featured_media":3134133,"parent":0,"menu_order":0,"comment_status":"closed","ping_status":"closed","template":"best-esim-template.php","meta":{"_lmt_disableupdate":"no","_lmt_disable":""},"categories":[600182],"acf":[],"_links":{"self":[{"href":"https:\/\/expertworldtravel.com\/es\/wp-json\/wp\/v2\/pages\/3138286"}],"collection":[{"href":"https:\/\/expertworldtravel.com\/es\/wp-json\/wp\/v2\/pages"}],"about":[{"href":"https:\/\/expertworldtravel.com\/es\/wp-json\/wp\/v2\/types\/page"}],"author":[{"embeddable":true,"href":"https:\/\/expertworldtravel.com\/es\/wp-json\/wp\/v2\/users\/2"}],"replies":[{"embeddable":true,"href":"https:\/\/expertworldtravel.com\/es\/wp-json\/wp\/v2\/comments?post=3138286"}],"version-history":[{"count":2,"href":"https:\/\/expertworldtravel.com\/es\/wp-json\/wp\/v2\/pages\/3138286\/revisions"}],"predecessor-version":[{"id":3142024,"href":"https:\/\/expertworldtravel.com\/es\/wp-json\/wp\/v2\/pages\/3138286\/revisions\/3142024"}],"wp:featuredmedia":[{"embeddable":true,"href":"https:\/\/expertworldtravel.com\/es\/wp-json\/wp\/v2\/media\/3134133"}],"wp:attachment":[{"href":"https:\/\/expertworldtravel.com\/es\/wp-json\/wp\/v2\/media?parent=3138286"}],"wp:term":[{"taxonomy":"category","embeddable":true,"href":"https:\/\/expertworldtravel.com\/es\/wp-json\/wp\/v2\/categories?post=3138286"}],"curies":[{"name":"wp","href":"https:\/\/api.w.org\/{rel}","templated":true}]}}