{"id":3138295,"date":"2023-05-03T00:00:29","date_gmt":"2023-05-03T00:00:29","guid":{"rendered":"https:\/\/expertworldtravel.com\/mejor-esim-para-israel-datos-asequibles\/"},"modified":"2025-01-06T08:19:45","modified_gmt":"2025-01-06T08:19:45","slug":"esim-israel","status":"publish","type":"page","link":"https:\/\/expertworldtravel.com\/es\/esim-israel\/","title":{"rendered":"Mejor eSIM para Israel (datos asequibles)"},"content":{"rendered":"<p>Si tiene previsto visitar Israel, necesita una eSIM.<\/p>\n<p>Las ESIM son, con diferencia, la forma m\u00e1s c\u00f3moda de disponer de datos m\u00f3viles mientras viaja por Israel. Te ahorran los gastos de itinerancia y de encontrar una tarjeta SIM local cuando llegues.<\/p>\n<p>Encontrar el plan eSIM Isreal adecuado puede ser un reto, as\u00ed que he investigado para ayudarte.<\/p>\n<p>A continuaci\u00f3n encontrar\u00e1 una revisi\u00f3n de los principales proveedores junto con sus planes de datos, adem\u00e1s de los pros y los contras para que pueda encontrar la mejor Israel eSIM para usted.<\/p>\n","protected":false},"excerpt":{"rendered":"<p>Si tiene previsto visitar Israel, necesita una eSIM. Las ESIM son, con diferencia, la forma m\u00e1s c\u00f3moda de disponer de datos m\u00f3viles mientras viaja por Israel. Te ahorran los gastos de itinerancia y de encontrar una tarjeta SIM local cuando llegues. Encontrar el plan eSIM Isreal adecuado puede ser un reto, as\u00ed que he investigado [&hellip;]<\/p>\n","protected":false},"author":2,"featured_media":3134121,"parent":0,"menu_order":0,"comment_status":"closed","ping_status":"closed","template":"best-esim-template.php","meta":{"_lmt_disableupdate":"no","_lmt_disable":""},"categories":[600182],"acf":[],"_links":{"self":[{"href":"https:\/\/expertworldtravel.com\/es\/wp-json\/wp\/v2\/pages\/3138295"}],"collection":[{"href":"https:\/\/expertworldtravel.com\/es\/wp-json\/wp\/v2\/pages"}],"about":[{"href":"https:\/\/expertworldtravel.com\/es\/wp-json\/wp\/v2\/types\/page"}],"author":[{"embeddable":true,"href":"https:\/\/expertworldtravel.com\/es\/wp-json\/wp\/v2\/users\/2"}],"replies":[{"embeddable":true,"href":"https:\/\/expertworldtravel.com\/es\/wp-json\/wp\/v2\/comments?post=3138295"}],"version-history":[{"count":1,"href":"https:\/\/expertworldtravel.com\/es\/wp-json\/wp\/v2\/pages\/3138295\/revisions"}],"predecessor-version":[{"id":3138298,"href":"https:\/\/expertworldtravel.com\/es\/wp-json\/wp\/v2\/pages\/3138295\/revisions\/3138298"}],"wp:featuredmedia":[{"embeddable":true,"href":"https:\/\/expertworldtravel.com\/es\/wp-json\/wp\/v2\/media\/3134121"}],"wp:attachment":[{"href":"https:\/\/expertworldtravel.com\/es\/wp-json\/wp\/v2\/media?parent=3138295"}],"wp:term":[{"taxonomy":"category","embeddable":true,"href":"https:\/\/expertworldtravel.com\/es\/wp-json\/wp\/v2\/categories?post=3138295"}],"curies":[{"name":"wp","href":"https:\/\/api.w.org\/{rel}","templated":true}]}}