{"id":3138458,"date":"2023-04-18T14:34:04","date_gmt":"2023-04-18T14:34:04","guid":{"rendered":"https:\/\/expertworldtravel.com\/la-mejor-esim-para-los-paises-bajos-datos-de-prepago-mas-baratos\/"},"modified":"2024-12-27T06:59:25","modified_gmt":"2024-12-27T06:59:25","slug":"esim-paises-bajos","status":"publish","type":"page","link":"https:\/\/expertworldtravel.com\/es\/esim-paises-bajos\/","title":{"rendered":"La mejor eSIM para los Pa\u00edses Bajos (datos de prepago m\u00e1s baratos)"},"content":{"rendered":"<p>Si est\u00e1 planeando un viaje a los Pa\u00edses Bajos, quiz\u00e1 se pregunte si una eSIM es la mejor manera de permanecer conectado durante su viaje.<\/p>\n<p>Las eSims se est\u00e1n convirtiendo en una forma cada vez m\u00e1s popular de tener una conexi\u00f3n de datos mientras est\u00e1s en el extranjero, ya que son mucho m\u00e1s baratas que la itinerancia de datos y tambi\u00e9n m\u00e1s convenientes.<\/p>\n<p>Te ayudar\u00e9 a encontrar la mejor eSIM para los Pa\u00edses Bajos. Vamos a ver los principales proveedores de eSIM, su cobertura, velocidades de conexi\u00f3n y mucho m\u00e1s para que puedas encontrar el mejor plan de datos eSIM para tus necesidades mientras est\u00e9s en Holanda.<\/p>\n<h2>Mejores proveedores de eSIM en los Pa\u00edses Bajos<\/h2>\n","protected":false},"excerpt":{"rendered":"<p>Si est\u00e1 planeando un viaje a los Pa\u00edses Bajos, quiz\u00e1 se pregunte si una eSIM es la mejor manera de permanecer conectado durante su viaje. Las eSims se est\u00e1n convirtiendo en una forma cada vez m\u00e1s popular de tener una conexi\u00f3n de datos mientras est\u00e1s en el extranjero, ya que son mucho m\u00e1s baratas que [&hellip;]<\/p>\n","protected":false},"author":2,"featured_media":3133996,"parent":0,"menu_order":0,"comment_status":"closed","ping_status":"closed","template":"best-esim-template.php","meta":{"_lmt_disableupdate":"no","_lmt_disable":""},"categories":[600182,600240],"acf":[],"_links":{"self":[{"href":"https:\/\/expertworldtravel.com\/es\/wp-json\/wp\/v2\/pages\/3138458"}],"collection":[{"href":"https:\/\/expertworldtravel.com\/es\/wp-json\/wp\/v2\/pages"}],"about":[{"href":"https:\/\/expertworldtravel.com\/es\/wp-json\/wp\/v2\/types\/page"}],"author":[{"embeddable":true,"href":"https:\/\/expertworldtravel.com\/es\/wp-json\/wp\/v2\/users\/2"}],"replies":[{"embeddable":true,"href":"https:\/\/expertworldtravel.com\/es\/wp-json\/wp\/v2\/comments?post=3138458"}],"version-history":[{"count":2,"href":"https:\/\/expertworldtravel.com\/es\/wp-json\/wp\/v2\/pages\/3138458\/revisions"}],"predecessor-version":[{"id":3141376,"href":"https:\/\/expertworldtravel.com\/es\/wp-json\/wp\/v2\/pages\/3138458\/revisions\/3141376"}],"wp:featuredmedia":[{"embeddable":true,"href":"https:\/\/expertworldtravel.com\/es\/wp-json\/wp\/v2\/media\/3133996"}],"wp:attachment":[{"href":"https:\/\/expertworldtravel.com\/es\/wp-json\/wp\/v2\/media?parent=3138458"}],"wp:term":[{"taxonomy":"category","embeddable":true,"href":"https:\/\/expertworldtravel.com\/es\/wp-json\/wp\/v2\/categories?post=3138458"}],"curies":[{"name":"wp","href":"https:\/\/api.w.org\/{rel}","templated":true}]}}