{"id":3138494,"date":"2023-05-02T18:33:27","date_gmt":"2023-05-02T18:33:27","guid":{"rendered":"https:\/\/expertworldtravel.com\/la-mejor-esim-para-sudafrica-guia-para-viajeros\/"},"modified":"2024-12-24T09:44:06","modified_gmt":"2024-12-24T09:44:06","slug":"esim-sudafrica","status":"publish","type":"page","link":"https:\/\/expertworldtravel.com\/es\/esim-sudafrica\/","title":{"rendered":"La mejor eSIM para Sud\u00e1frica: Gu\u00eda para viajeros"},"content":{"rendered":"<p>\u00bfTe preguntas qu\u00e9 eSIM comprar para Sud\u00e1frica?<br \/>\nLas ESIM son una nueva forma de obtener datos a precios asequibles mientras viajas.<br \/>\nTe ahorran mucho en tarifas de itinerancia y te mantienen conectado est\u00e9s donde est\u00e9s en Sud\u00e1frica.<br \/>\nAcomp\u00e1\u00f1ame en este repaso a las mejores eSIM para Sud\u00e1frica, revisando sus planes, asequibilidad, cobertura, velocidades y mucho m\u00e1s para que puedas encontrar la mejor eSIM para Sud\u00e1frica para tus viajes.<\/p>\n","protected":false},"excerpt":{"rendered":"<p>\u00bfTe preguntas qu\u00e9 eSIM comprar para Sud\u00e1frica? Las ESIM son una nueva forma de obtener datos a precios asequibles mientras viajas. Te ahorran mucho en tarifas de itinerancia y te mantienen conectado est\u00e9s donde est\u00e9s en Sud\u00e1frica. Acomp\u00e1\u00f1ame en este repaso a las mejores eSIM para Sud\u00e1frica, revisando sus planes, asequibilidad, cobertura, velocidades y mucho [&hellip;]<\/p>\n","protected":false},"author":2,"featured_media":3134119,"parent":0,"menu_order":0,"comment_status":"closed","ping_status":"closed","template":"best-esim-template.php","meta":{"_lmt_disableupdate":"no","_lmt_disable":""},"categories":[600182],"acf":[],"_links":{"self":[{"href":"https:\/\/expertworldtravel.com\/es\/wp-json\/wp\/v2\/pages\/3138494"}],"collection":[{"href":"https:\/\/expertworldtravel.com\/es\/wp-json\/wp\/v2\/pages"}],"about":[{"href":"https:\/\/expertworldtravel.com\/es\/wp-json\/wp\/v2\/types\/page"}],"author":[{"embeddable":true,"href":"https:\/\/expertworldtravel.com\/es\/wp-json\/wp\/v2\/users\/2"}],"replies":[{"embeddable":true,"href":"https:\/\/expertworldtravel.com\/es\/wp-json\/wp\/v2\/comments?post=3138494"}],"version-history":[{"count":2,"href":"https:\/\/expertworldtravel.com\/es\/wp-json\/wp\/v2\/pages\/3138494\/revisions"}],"predecessor-version":[{"id":3141829,"href":"https:\/\/expertworldtravel.com\/es\/wp-json\/wp\/v2\/pages\/3138494\/revisions\/3141829"}],"wp:featuredmedia":[{"embeddable":true,"href":"https:\/\/expertworldtravel.com\/es\/wp-json\/wp\/v2\/media\/3134119"}],"wp:attachment":[{"href":"https:\/\/expertworldtravel.com\/es\/wp-json\/wp\/v2\/media?parent=3138494"}],"wp:term":[{"taxonomy":"category","embeddable":true,"href":"https:\/\/expertworldtravel.com\/es\/wp-json\/wp\/v2\/categories?post=3138494"}],"curies":[{"name":"wp","href":"https:\/\/api.w.org\/{rel}","templated":true}]}}