{"id":3138563,"date":"2023-08-31T11:08:19","date_gmt":"2023-08-31T11:08:19","guid":{"rendered":"https:\/\/expertworldtravel.com\/la-mejor-esim-para-la-republica-checa-comparacion-de-datos-de-prepago\/"},"modified":"2025-01-05T16:39:57","modified_gmt":"2025-01-05T16:39:57","slug":"esim-republica-checa","status":"publish","type":"page","link":"https:\/\/expertworldtravel.com\/es\/esim-republica-checa\/","title":{"rendered":"La mejor eSIM para la Rep\u00fablica Checa (comparaci\u00f3n de datos de prepago)"},"content":{"rendered":"<p>\u00bfVa a viajar a la Rep\u00fablica Checa o a Praga y necesita una eSIM para los datos del viaje? \u00a1Buena elecci\u00f3n!<\/p>\n<p>Nuestra gu\u00eda detallada de eSIM te mostrar\u00e1 todas las mejores opciones de eSIM para la Rep\u00fablica Checa o Praga, desde las m\u00e1s baratas y sencillas hasta las que ofrecen datos ilimitados para tu viaje.<\/p>\n<p>Llevamos bastante tiempo utilizando eSIM y sabemos qu\u00e9 buscar para conseguir la eSIM \u00f3ptima para viajar a la Rep\u00fablica Checa.<\/p>\n","protected":false},"excerpt":{"rendered":"<p>\u00bfVa a viajar a la Rep\u00fablica Checa o a Praga y necesita una eSIM para los datos del viaje? \u00a1Buena elecci\u00f3n! Nuestra gu\u00eda detallada de eSIM te mostrar\u00e1 todas las mejores opciones de eSIM para la Rep\u00fablica Checa o Praga, desde las m\u00e1s baratas y sencillas hasta las que ofrecen datos ilimitados para tu viaje. [&hellip;]<\/p>\n","protected":false},"author":2,"featured_media":0,"parent":0,"menu_order":0,"comment_status":"closed","ping_status":"closed","template":"best-esim-template.php","meta":{"_lmt_disableupdate":"no","_lmt_disable":""},"categories":[600242],"acf":[],"_links":{"self":[{"href":"https:\/\/expertworldtravel.com\/es\/wp-json\/wp\/v2\/pages\/3138563"}],"collection":[{"href":"https:\/\/expertworldtravel.com\/es\/wp-json\/wp\/v2\/pages"}],"about":[{"href":"https:\/\/expertworldtravel.com\/es\/wp-json\/wp\/v2\/types\/page"}],"author":[{"embeddable":true,"href":"https:\/\/expertworldtravel.com\/es\/wp-json\/wp\/v2\/users\/2"}],"replies":[{"embeddable":true,"href":"https:\/\/expertworldtravel.com\/es\/wp-json\/wp\/v2\/comments?post=3138563"}],"version-history":[{"count":1,"href":"https:\/\/expertworldtravel.com\/es\/wp-json\/wp\/v2\/pages\/3138563\/revisions"}],"predecessor-version":[{"id":3138569,"href":"https:\/\/expertworldtravel.com\/es\/wp-json\/wp\/v2\/pages\/3138563\/revisions\/3138569"}],"wp:attachment":[{"href":"https:\/\/expertworldtravel.com\/es\/wp-json\/wp\/v2\/media?parent=3138563"}],"wp:term":[{"taxonomy":"category","embeddable":true,"href":"https:\/\/expertworldtravel.com\/es\/wp-json\/wp\/v2\/categories?post=3138563"}],"curies":[{"name":"wp","href":"https:\/\/api.w.org\/{rel}","templated":true}]}}