{"id":3138689,"date":"2023-05-13T22:43:26","date_gmt":"2023-05-13T22:43:26","guid":{"rendered":"https:\/\/expertworldtravel.com\/mejor-esim-para-kenia-mantente-conectado-mientras-viajas\/"},"modified":"2023-09-01T18:26:20","modified_gmt":"2023-09-01T18:26:20","slug":"esim-kenia","status":"publish","type":"page","link":"https:\/\/expertworldtravel.com\/es\/esim-kenia\/","title":{"rendered":"Mejor eSIM para Kenia (Mantente conectado mientras viajas)"},"content":{"rendered":"<p>Si buscas una eSIM para mantenerte conectado mientras viajas por Kenia, has llegado al lugar adecuado.<\/p>\n<p>He pasado mucho tiempo en Kenia, y cr\u00e9eme cuando te digo que te espera un viaje inolvidable, as\u00ed que vamos a encontrar la mejor opci\u00f3n de eSIM.<\/p>\n<p>Puedes comprar una tarjeta SIM f\u00edsica al aterrizar en el aeropuerto, pero es un poco engorroso y, en mi opini\u00f3n, lo mejor es una eSIM de Kenia. A continuaci\u00f3n, he revisado los mejores planes eSIM Kenia de los principales proveedores mundiales para que puedas encontrar la mejor eSIM&nbsp;para Kenia para tu pr\u00f3ximo viaje.<\/p>\n","protected":false},"excerpt":{"rendered":"<p>Si buscas una eSIM para mantenerte conectado mientras viajas por Kenia, has llegado al lugar adecuado. He pasado mucho tiempo en Kenia, y cr\u00e9eme cuando te digo que te espera un viaje inolvidable, as\u00ed que vamos a encontrar la mejor opci\u00f3n de eSIM. Puedes comprar una tarjeta SIM f\u00edsica al aterrizar en el aeropuerto, pero [&hellip;]<\/p>\n","protected":false},"author":2,"featured_media":3134155,"parent":0,"menu_order":0,"comment_status":"closed","ping_status":"closed","template":"best-esim-template.php","meta":{"_lmt_disableupdate":"no","_lmt_disable":""},"categories":[600182],"acf":[],"_links":{"self":[{"href":"https:\/\/expertworldtravel.com\/es\/wp-json\/wp\/v2\/pages\/3138689"}],"collection":[{"href":"https:\/\/expertworldtravel.com\/es\/wp-json\/wp\/v2\/pages"}],"about":[{"href":"https:\/\/expertworldtravel.com\/es\/wp-json\/wp\/v2\/types\/page"}],"author":[{"embeddable":true,"href":"https:\/\/expertworldtravel.com\/es\/wp-json\/wp\/v2\/users\/2"}],"replies":[{"embeddable":true,"href":"https:\/\/expertworldtravel.com\/es\/wp-json\/wp\/v2\/comments?post=3138689"}],"version-history":[{"count":1,"href":"https:\/\/expertworldtravel.com\/es\/wp-json\/wp\/v2\/pages\/3138689\/revisions"}],"predecessor-version":[{"id":3138693,"href":"https:\/\/expertworldtravel.com\/es\/wp-json\/wp\/v2\/pages\/3138689\/revisions\/3138693"}],"wp:featuredmedia":[{"embeddable":true,"href":"https:\/\/expertworldtravel.com\/es\/wp-json\/wp\/v2\/media\/3134155"}],"wp:attachment":[{"href":"https:\/\/expertworldtravel.com\/es\/wp-json\/wp\/v2\/media?parent=3138689"}],"wp:term":[{"taxonomy":"category","embeddable":true,"href":"https:\/\/expertworldtravel.com\/es\/wp-json\/wp\/v2\/categories?post=3138689"}],"curies":[{"name":"wp","href":"https:\/\/api.w.org\/{rel}","templated":true}]}}