{"id":3138744,"date":"2023-03-31T13:26:50","date_gmt":"2023-03-31T13:26:50","guid":{"rendered":"https:\/\/expertworldtravel.com\/la-mejor-esim-para-malasia-planes-de-datos-mas-baratos\/"},"modified":"2024-12-20T14:11:01","modified_gmt":"2024-12-20T14:11:01","slug":"esim-malasia","status":"publish","type":"page","link":"https:\/\/expertworldtravel.com\/es\/esim-malasia\/","title":{"rendered":"6 mejores eSIM para Malasia (planes de datos m\u00e1s baratos)"},"content":{"rendered":"<p>\u00bfQuiere comprar una eSim malaya para un pr\u00f3ximo viaje? Esta gu\u00eda detallada te mostrar\u00e1 los<strong> mejores planes de datos eSim para Malasia<\/strong>.<\/p>\n<p>Las SIM son la mejor forma de evitar el estr\u00e9s de tener que conseguir una SIM local o pagar montones de datos en itinerancia. Llevo dos a\u00f1os utiliz\u00e1ndolos en todo el mundo.<\/p>\n<p>Tanto si necesita datos para unos d\u00edas como para unos meses, hay al menos un proveedor de eSim de Malasia para usted. Despl\u00e1cese hacia abajo para encontrar el plan de datos eSim perfecto para sus viajes.<\/p>\n","protected":false},"excerpt":{"rendered":"<p>\u00bfQuiere comprar una eSim malaya para un pr\u00f3ximo viaje? Esta gu\u00eda detallada te mostrar\u00e1 los mejores planes de datos eSim para Malasia. Las SIM son la mejor forma de evitar el estr\u00e9s de tener que conseguir una SIM local o pagar montones de datos en itinerancia. Llevo dos a\u00f1os utiliz\u00e1ndolos en todo el mundo. Tanto [&hellip;]<\/p>\n","protected":false},"author":6,"featured_media":3133958,"parent":0,"menu_order":0,"comment_status":"closed","ping_status":"closed","template":"best-esim-template.php","meta":{"_lmt_disableupdate":"no","_lmt_disable":""},"categories":[600186,600182],"acf":[],"_links":{"self":[{"href":"https:\/\/expertworldtravel.com\/es\/wp-json\/wp\/v2\/pages\/3138744"}],"collection":[{"href":"https:\/\/expertworldtravel.com\/es\/wp-json\/wp\/v2\/pages"}],"about":[{"href":"https:\/\/expertworldtravel.com\/es\/wp-json\/wp\/v2\/types\/page"}],"author":[{"embeddable":true,"href":"https:\/\/expertworldtravel.com\/es\/wp-json\/wp\/v2\/users\/6"}],"replies":[{"embeddable":true,"href":"https:\/\/expertworldtravel.com\/es\/wp-json\/wp\/v2\/comments?post=3138744"}],"version-history":[{"count":2,"href":"https:\/\/expertworldtravel.com\/es\/wp-json\/wp\/v2\/pages\/3138744\/revisions"}],"predecessor-version":[{"id":3141769,"href":"https:\/\/expertworldtravel.com\/es\/wp-json\/wp\/v2\/pages\/3138744\/revisions\/3141769"}],"wp:featuredmedia":[{"embeddable":true,"href":"https:\/\/expertworldtravel.com\/es\/wp-json\/wp\/v2\/media\/3133958"}],"wp:attachment":[{"href":"https:\/\/expertworldtravel.com\/es\/wp-json\/wp\/v2\/media?parent=3138744"}],"wp:term":[{"taxonomy":"category","embeddable":true,"href":"https:\/\/expertworldtravel.com\/es\/wp-json\/wp\/v2\/categories?post=3138744"}],"curies":[{"name":"wp","href":"https:\/\/api.w.org\/{rel}","templated":true}]}}