{"id":3138750,"date":"2023-04-29T09:40:08","date_gmt":"2023-04-29T09:40:08","guid":{"rendered":"https:\/\/expertworldtravel.com\/la-mejor-esim-para-la-india-datos-de-prepago-por-menos\/"},"modified":"2024-12-27T06:57:36","modified_gmt":"2024-12-27T06:57:36","slug":"esim-india","status":"publish","type":"page","link":"https:\/\/expertworldtravel.com\/es\/esim-india\/","title":{"rendered":"La mejor eSIM para la India (Datos de prepago por menos)"},"content":{"rendered":"<p>\u00bfBuscas la mejor eSIM para tu pr\u00f3ximo viaje a la India? Entonces, \u00a1esta gu\u00eda te mostrar\u00e1 las mejores opciones de eSims para la India! <\/p>\n<p>A continuaci\u00f3n encontrar\u00e1 una serie de paquetes de datos eSim de prepago de proveedores locales e internacionales: desde paquetes peque\u00f1os a grandes, e incluso datos ilimitados si lo desea.<\/p>\n<p>As\u00ed que despl\u00e1zate hacia abajo para encontrar las mejores eSIM para la India, \u00a1para que tu viaje sea coser y cantar!<\/p>\n<h2>Mejores proveedores de eSIM en India<\/h2>\n","protected":false},"excerpt":{"rendered":"<p>\u00bfBuscas la mejor eSIM para tu pr\u00f3ximo viaje a la India? Entonces, \u00a1esta gu\u00eda te mostrar\u00e1 las mejores opciones de eSims para la India! A continuaci\u00f3n encontrar\u00e1 una serie de paquetes de datos eSim de prepago de proveedores locales e internacionales: desde paquetes peque\u00f1os a grandes, e incluso datos ilimitados si lo desea. As\u00ed que [&hellip;]<\/p>\n","protected":false},"author":6,"featured_media":0,"parent":0,"menu_order":0,"comment_status":"closed","ping_status":"closed","template":"best-esim-template.php","meta":{"_lmt_disableupdate":"no","_lmt_disable":""},"categories":[600273,600182],"acf":[],"_links":{"self":[{"href":"https:\/\/expertworldtravel.com\/es\/wp-json\/wp\/v2\/pages\/3138750"}],"collection":[{"href":"https:\/\/expertworldtravel.com\/es\/wp-json\/wp\/v2\/pages"}],"about":[{"href":"https:\/\/expertworldtravel.com\/es\/wp-json\/wp\/v2\/types\/page"}],"author":[{"embeddable":true,"href":"https:\/\/expertworldtravel.com\/es\/wp-json\/wp\/v2\/users\/6"}],"replies":[{"embeddable":true,"href":"https:\/\/expertworldtravel.com\/es\/wp-json\/wp\/v2\/comments?post=3138750"}],"version-history":[{"count":2,"href":"https:\/\/expertworldtravel.com\/es\/wp-json\/wp\/v2\/pages\/3138750\/revisions"}],"predecessor-version":[{"id":3141708,"href":"https:\/\/expertworldtravel.com\/es\/wp-json\/wp\/v2\/pages\/3138750\/revisions\/3141708"}],"wp:attachment":[{"href":"https:\/\/expertworldtravel.com\/es\/wp-json\/wp\/v2\/media?parent=3138750"}],"wp:term":[{"taxonomy":"category","embeddable":true,"href":"https:\/\/expertworldtravel.com\/es\/wp-json\/wp\/v2\/categories?post=3138750"}],"curies":[{"name":"wp","href":"https:\/\/api.w.org\/{rel}","templated":true}]}}