{"id":3138779,"date":"2023-04-25T09:49:22","date_gmt":"2023-04-25T09:49:22","guid":{"rendered":"https:\/\/expertworldtravel.com\/la-mejor-esim-para-china-acceso-facil-a-internet\/"},"modified":"2024-12-20T13:12:17","modified_gmt":"2024-12-20T13:12:17","slug":"esim-china","status":"publish","type":"page","link":"https:\/\/expertworldtravel.com\/es\/esim-china\/","title":{"rendered":"La mejor eSIM para China (acceso f\u00e1cil a Internet)"},"content":{"rendered":"<p>\u00bfViaja a China y necesita una eSIM para acceder f\u00e1cilmente a Internet?<\/p>\n<p>Una eSIM para China te proporcionar\u00e1 una asignaci\u00f3n de datos m\u00f3viles que podr\u00e1s utilizar cuando y donde quieras.<\/p>\n<p>Es una opci\u00f3n mejor que una tarjeta SIM local porque es m\u00e1s f\u00e1cil de adquirir y puedes comprarla y configurarla en unos cinco minutos. Esta gu\u00eda detallada incluye tambi\u00e9n algunas <a href=\"https:\/\/expertworldtravel.com\/best-esim-asia\/\" target=\"_blank\" rel=\"noopener\">opciones de eSIM con cobertura regional en Asia<\/a>, para los viajeros que tengan previsto visitar otros pa\u00edses adem\u00e1s de China.<\/p>\n","protected":false},"excerpt":{"rendered":"<p>\u00bfViaja a China y necesita una eSIM para acceder f\u00e1cilmente a Internet? Una eSIM para China te proporcionar\u00e1 una asignaci\u00f3n de datos m\u00f3viles que podr\u00e1s utilizar cuando y donde quieras. Es una opci\u00f3n mejor que una tarjeta SIM local porque es m\u00e1s f\u00e1cil de adquirir y puedes comprarla y configurarla en unos cinco minutos. Esta [&hellip;]<\/p>\n","protected":false},"author":6,"featured_media":3134020,"parent":0,"menu_order":0,"comment_status":"closed","ping_status":"closed","template":"best-esim-template.php","meta":{"_lmt_disableupdate":"no","_lmt_disable":""},"categories":[600186,600182],"acf":[],"_links":{"self":[{"href":"https:\/\/expertworldtravel.com\/es\/wp-json\/wp\/v2\/pages\/3138779"}],"collection":[{"href":"https:\/\/expertworldtravel.com\/es\/wp-json\/wp\/v2\/pages"}],"about":[{"href":"https:\/\/expertworldtravel.com\/es\/wp-json\/wp\/v2\/types\/page"}],"author":[{"embeddable":true,"href":"https:\/\/expertworldtravel.com\/es\/wp-json\/wp\/v2\/users\/6"}],"replies":[{"embeddable":true,"href":"https:\/\/expertworldtravel.com\/es\/wp-json\/wp\/v2\/comments?post=3138779"}],"version-history":[{"count":2,"href":"https:\/\/expertworldtravel.com\/es\/wp-json\/wp\/v2\/pages\/3138779\/revisions"}],"predecessor-version":[{"id":3141733,"href":"https:\/\/expertworldtravel.com\/es\/wp-json\/wp\/v2\/pages\/3138779\/revisions\/3141733"}],"wp:featuredmedia":[{"embeddable":true,"href":"https:\/\/expertworldtravel.com\/es\/wp-json\/wp\/v2\/media\/3134020"}],"wp:attachment":[{"href":"https:\/\/expertworldtravel.com\/es\/wp-json\/wp\/v2\/media?parent=3138779"}],"wp:term":[{"taxonomy":"category","embeddable":true,"href":"https:\/\/expertworldtravel.com\/es\/wp-json\/wp\/v2\/categories?post=3138779"}],"curies":[{"name":"wp","href":"https:\/\/api.w.org\/{rel}","templated":true}]}}