{"id":3138999,"date":"2023-04-05T09:07:12","date_gmt":"2023-04-05T09:07:12","guid":{"rendered":"https:\/\/expertworldtravel.com\/esim-camboya\/"},"modified":"2024-12-23T15:40:52","modified_gmt":"2024-12-23T15:40:52","slug":"best-esim-cambodia","status":"publish","type":"page","link":"https:\/\/expertworldtravel.com\/es\/best-esim-cambodia\/","title":{"rendered":"5 mejores eSIM para Camboya (Mantente conectado mientras viajas)"},"content":{"rendered":"<p class=\"ifp\">\u00bfQuieres conseguir una eSIM para viajar a Camboya pero no sabes qu\u00e9 opciones tienes? Entonces has venido al lugar adecuado, porque en esta gu\u00eda detallada encontrar\u00e1s las mejores eSIM para Camboya.<\/p>\n<p>Tanto si necesitas una eSIM para una semana como para m\u00e1s de un mes, aqu\u00ed encontrar\u00e1s algunas opciones que merece la pena considerar.<\/p>\n<p>Tambi\u00e9n he incluido planes de datos limitados e ilimitados, as\u00ed como opciones de proveedores internacionales y locales, para que tengas una buena visi\u00f3n general de la mejor eSIM para Camboya.<\/p>\n<div class=\"highlight-box\">\n<h3>Elegir la eSIM ideal<\/h3>\n<p>Elegir la eSIM adecuada para tu viaje se reduce a unas cuantas opciones sencillas:<\/p>\n<ul>\n<li>Datos ilimitados o algunos GB de datos<\/li>\n<li>\u00bfNecesitas Llamadas y SMS<\/li>\n<li>Un pa\u00eds o varios en Asia<\/li>\n<\/ul>\n<p>Una vez que hayas respondido a estas preguntas, te resultar\u00e1 mucho m\u00e1s sencillo elegir la eSIM perfecta.<\/p>\n<\/div>\n","protected":false},"excerpt":{"rendered":"<p>\u00bfQuieres conseguir una eSIM para viajar a Camboya pero no sabes qu\u00e9 opciones tienes? Entonces has venido al lugar adecuado, porque en esta gu\u00eda detallada encontrar\u00e1s las mejores eSIM para Camboya. Tanto si necesitas una eSIM para una semana como para m\u00e1s de un mes, aqu\u00ed encontrar\u00e1s algunas opciones que merece la pena considerar. Tambi\u00e9n [&hellip;]<\/p>\n","protected":false},"author":2,"featured_media":3133811,"parent":0,"menu_order":0,"comment_status":"closed","ping_status":"closed","template":"best-esim-template.php","meta":{"_lmt_disableupdate":"","_lmt_disable":""},"categories":[600186,600182],"acf":[],"_links":{"self":[{"href":"https:\/\/expertworldtravel.com\/es\/wp-json\/wp\/v2\/pages\/3138999"}],"collection":[{"href":"https:\/\/expertworldtravel.com\/es\/wp-json\/wp\/v2\/pages"}],"about":[{"href":"https:\/\/expertworldtravel.com\/es\/wp-json\/wp\/v2\/types\/page"}],"author":[{"embeddable":true,"href":"https:\/\/expertworldtravel.com\/es\/wp-json\/wp\/v2\/users\/2"}],"replies":[{"embeddable":true,"href":"https:\/\/expertworldtravel.com\/es\/wp-json\/wp\/v2\/comments?post=3138999"}],"version-history":[{"count":3,"href":"https:\/\/expertworldtravel.com\/es\/wp-json\/wp\/v2\/pages\/3138999\/revisions"}],"predecessor-version":[{"id":3141765,"href":"https:\/\/expertworldtravel.com\/es\/wp-json\/wp\/v2\/pages\/3138999\/revisions\/3141765"}],"wp:featuredmedia":[{"embeddable":true,"href":"https:\/\/expertworldtravel.com\/es\/wp-json\/wp\/v2\/media\/3133811"}],"wp:attachment":[{"href":"https:\/\/expertworldtravel.com\/es\/wp-json\/wp\/v2\/media?parent=3138999"}],"wp:term":[{"taxonomy":"category","embeddable":true,"href":"https:\/\/expertworldtravel.com\/es\/wp-json\/wp\/v2\/categories?post=3138999"}],"curies":[{"name":"wp","href":"https:\/\/api.w.org\/{rel}","templated":true}]}}