{"id":3139165,"date":"2023-01-03T18:34:13","date_gmt":"2023-01-03T18:34:13","guid":{"rendered":"https:\/\/expertworldtravel.com\/best-esim-turkey\/"},"modified":"2024-12-24T11:03:48","modified_gmt":"2024-12-24T11:03:48","slug":"esim-turquia","status":"publish","type":"page","link":"https:\/\/expertworldtravel.com\/es\/esim-turquia\/","title":{"rendered":"La mejor eSIM para Turqu\u00eda en 2025 (Datos de viaje baratos)"},"content":{"rendered":"<p>Si est\u00e1s planeando viajar a Turqu\u00eda y te preguntas cu\u00e1l es la mejor eSIM para tu viaje, no busques m\u00e1s<\/p>\n<p>Las eSIM para Turqu\u00eda son una forma estupenda de evitar las tarifas de itinerancia de datos y el engorro de las tarjetas SIM locales.<\/p>\n<p>A continuaci\u00f3n te mostrar\u00e9 <strong>las mejores eSIM para Turqu\u00eda<\/strong>, para que puedas estar conectado a los pocos minutos de aterrizar y mantenerte conectado durante todo tu viaje.<\/p>\n","protected":false},"excerpt":{"rendered":"<p>Si est\u00e1s planeando viajar a Turqu\u00eda y te preguntas cu\u00e1l es la mejor eSIM para tu viaje, no busques m\u00e1s Las eSIM para Turqu\u00eda son una forma estupenda de evitar las tarifas de itinerancia de datos y el engorro de las tarjetas SIM locales. A continuaci\u00f3n te mostrar\u00e9 las mejores eSIM para Turqu\u00eda, para que [&hellip;]<\/p>\n","protected":false},"author":6,"featured_media":3132782,"parent":0,"menu_order":0,"comment_status":"closed","ping_status":"closed","template":"best-template.php","meta":{"_lmt_disableupdate":"no","_lmt_disable":""},"categories":[600182,600308],"acf":[],"_links":{"self":[{"href":"https:\/\/expertworldtravel.com\/es\/wp-json\/wp\/v2\/pages\/3139165"}],"collection":[{"href":"https:\/\/expertworldtravel.com\/es\/wp-json\/wp\/v2\/pages"}],"about":[{"href":"https:\/\/expertworldtravel.com\/es\/wp-json\/wp\/v2\/types\/page"}],"author":[{"embeddable":true,"href":"https:\/\/expertworldtravel.com\/es\/wp-json\/wp\/v2\/users\/6"}],"replies":[{"embeddable":true,"href":"https:\/\/expertworldtravel.com\/es\/wp-json\/wp\/v2\/comments?post=3139165"}],"version-history":[{"count":2,"href":"https:\/\/expertworldtravel.com\/es\/wp-json\/wp\/v2\/pages\/3139165\/revisions"}],"predecessor-version":[{"id":3141872,"href":"https:\/\/expertworldtravel.com\/es\/wp-json\/wp\/v2\/pages\/3139165\/revisions\/3141872"}],"wp:featuredmedia":[{"embeddable":true,"href":"https:\/\/expertworldtravel.com\/es\/wp-json\/wp\/v2\/media\/3132782"}],"wp:attachment":[{"href":"https:\/\/expertworldtravel.com\/es\/wp-json\/wp\/v2\/media?parent=3139165"}],"wp:term":[{"taxonomy":"category","embeddable":true,"href":"https:\/\/expertworldtravel.com\/es\/wp-json\/wp\/v2\/categories?post=3139165"}],"curies":[{"name":"wp","href":"https:\/\/api.w.org\/{rel}","templated":true}]}}