{"id":3141274,"date":"2023-09-27T12:57:10","date_gmt":"2023-09-27T12:57:10","guid":{"rendered":"https:\/\/expertworldtravel.com\/best-esim-denmark\/"},"modified":"2025-01-09T15:47:53","modified_gmt":"2025-01-09T15:47:53","slug":"esim-dinamarca","status":"publish","type":"page","link":"https:\/\/expertworldtravel.com\/es\/esim-dinamarca\/","title":{"rendered":"La mejor eSIM para Dinamarca (datos asequibles)"},"content":{"rendered":"<p>Una eSIM es una forma asequible y sencilla de asegurarse cobertura de red y acceso a Internet durante su viaje a Dinamarca.<\/p>\n<p>Es mucho m\u00e1s barato que la itinerancia de datos, as\u00ed que es la mejor opci\u00f3n para los viajeros que siempre quieren tener acceso a Internet. Incluso es posible conseguir una eSIM con un n\u00famero de tel\u00e9fono que funcione en Dinamarca.<\/p>\n<p>He examinado los planes eSIM de Dinamarca de los proveedores m\u00e1s populares y he elaborado una lista con las mejores opciones. Siga leyendo para conocer las mejores opciones de eSIM para Dinamarca.<\/p>\n<h2>C\u00f3mo elegir la eSIM ideal<\/h2>\n<p>Despu\u00e9s de pasar meses utilizando eSIMs por toda Europa, tengo algunos consejos para ayudarle a reducir sus mejores opciones de eSIM.<\/p>\n<p>En mi experiencia, todo se reduce a unas cuantas preguntas que hay que hacerse para encontrar la eSIM adecuada:<\/p>\n<ul>\n<li>\u00bfNecesitas datos ilimitados o s\u00f3lo unos pocos GB al d\u00eda?<\/li>\n<li>\u00bfNecesitar\u00e1 llamar o enviar un SMS durante su estancia?<\/li>\n<li>\u00bfNecesitas utilizar un hotspot o compartir tus datos?<\/li>\n<\/ul>\n<p>Una vez que haya decidido estas dos cosas, puede pasar directamente a estas opciones:<\/p>\n<ul>\n<li><strong>Datos ilimitados<\/strong>\n<ul>\n<li><a href=\"https:\/\/holafly.sjv.io\/kORPX3\" target=\"_blank\" rel=\"nofollow noopener\">Holafly<\/a>, si s\u00f3lo necesitas datos en un dispositivo (viene con llamadas)<\/li>\n<li><a href=\"https:\/\/maya.net\/esim\/denmark?pid=48fhb2345dg6\" target=\"_blank\" rel=\"nofollow noopener\">Maya Mobile<\/a> para compartir datos (comprueba el plan, algunos no lo tienen)<\/li>\n<\/ul>\n<\/li>\n<li><strong>Unos pocos GB al d\u00eda<\/strong>\n<ul>\n<li>Compara las mejores ofertas de <a href=\"https:\/\/airalo.pxf.io\/0ZzrJ3\" target=\"_blank\" rel=\"nofollow noopener\">Airalo<\/a> y <a href=\"https:\/\/maya.net\/esim\/denmark?pid=48fhb2345dg6\" target=\"_blank\" rel=\"nofollow noopener\">Maya<\/a> <\/li>\n<\/ul>\n<\/li>\n<li><strong>Llamadas y SMS<\/strong>\n<ul>\n<li><a href=\"https:\/\/simoptions.sjv.io\/YRdxRr\" target=\"_blank\" rel=\"nofollow noopener\">Orange<\/a> es la mejor opci\u00f3n con llamadas y SMS ilimitados<\/li>\n<li><a href=\"https:\/\/holafly.sjv.io\/kORPX3\" target=\"_blank\" rel=\"nofollow noopener\">Holafly<\/a> con datos ilimitados y s\u00f3lo llamadas<\/li>\n<\/ul>\n<\/li>\n<\/ul>\n<p>Hemos hecho las elecciones anteriores muchas veces y hemos estado muy contentos con los planes que obtuvimos. S\u00f3lo necesitas saber cu\u00e1ntos datos sueles utilizar al d\u00eda, si no compras ilimitados. Las dem\u00e1s opciones son sencillas.<\/p>\n","protected":false},"excerpt":{"rendered":"<p>Una eSIM es una forma asequible y sencilla de asegurarse cobertura de red y acceso a Internet durante su viaje a Dinamarca. Es mucho m\u00e1s barato que la itinerancia de datos, as\u00ed que es la mejor opci\u00f3n para los viajeros que siempre quieren tener acceso a Internet. Incluso es posible conseguir una eSIM con un [&hellip;]<\/p>\n","protected":false},"author":6,"featured_media":3140877,"parent":0,"menu_order":0,"comment_status":"closed","ping_status":"closed","template":"best-esim-template.php","meta":{"_lmt_disableupdate":"no","_lmt_disable":""},"categories":[600329,600182],"acf":[],"_links":{"self":[{"href":"https:\/\/expertworldtravel.com\/es\/wp-json\/wp\/v2\/pages\/3141274"}],"collection":[{"href":"https:\/\/expertworldtravel.com\/es\/wp-json\/wp\/v2\/pages"}],"about":[{"href":"https:\/\/expertworldtravel.com\/es\/wp-json\/wp\/v2\/types\/page"}],"author":[{"embeddable":true,"href":"https:\/\/expertworldtravel.com\/es\/wp-json\/wp\/v2\/users\/6"}],"replies":[{"embeddable":true,"href":"https:\/\/expertworldtravel.com\/es\/wp-json\/wp\/v2\/comments?post=3141274"}],"version-history":[{"count":5,"href":"https:\/\/expertworldtravel.com\/es\/wp-json\/wp\/v2\/pages\/3141274\/revisions"}],"predecessor-version":[{"id":3142170,"href":"https:\/\/expertworldtravel.com\/es\/wp-json\/wp\/v2\/pages\/3141274\/revisions\/3142170"}],"wp:featuredmedia":[{"embeddable":true,"href":"https:\/\/expertworldtravel.com\/es\/wp-json\/wp\/v2\/media\/3140877"}],"wp:attachment":[{"href":"https:\/\/expertworldtravel.com\/es\/wp-json\/wp\/v2\/media?parent=3141274"}],"wp:term":[{"taxonomy":"category","embeddable":true,"href":"https:\/\/expertworldtravel.com\/es\/wp-json\/wp\/v2\/categories?post=3141274"}],"curies":[{"name":"wp","href":"https:\/\/api.w.org\/{rel}","templated":true}]}}