{"id":3141690,"date":"2023-08-29T09:49:39","date_gmt":"2023-08-29T09:49:39","guid":{"rendered":"https:\/\/expertworldtravel.com\/esim-mexico-2\/"},"modified":"2025-01-08T10:53:58","modified_gmt":"2025-01-08T10:53:58","slug":"esim-mexico-2","status":"publish","type":"page","link":"https:\/\/expertworldtravel.com\/es\/esim-mexico-2\/","title":{"rendered":"4 mejores eSIM para M\u00e9xico 2025 (Datos de prepago asequibles)"},"content":{"rendered":"<p>\u00bfTe cuesta encontrar la eSIM perfecta para M\u00e9xico? Una eSIM es una de las formas m\u00e1s sencillas de obtener acceso a Internet m\u00f3vil cuando viajas a M\u00e9xico. En lugar de perder el tiempo consiguiendo una tarjeta SIM local de M\u00e9xico cuando aterrices, puedes conseguir una eSIM ahora y disfrutar del viaje. A continuaci\u00f3n destacar\u00e9 las mejores eSIM para cualquiera que viaje a M\u00e9xico y quiera una gran conexi\u00f3n de datos.<\/p>\n<div class=\"highlight-box\">\n<h3 style=\"text-align: center;\">C\u00f3mo elegir la eSIM perfecta para M\u00e9xico<\/h3>\n<p>A partir de mi reciente experiencia viajando por todo el mundo, quiero compartir contigo la forma m\u00e1s sencilla de elegir una eSIM para tu viaje a M\u00e9xico. Se reduce a unas sencillas preguntas sobre las caracter\u00edsticas que necesitas en tu eSIM: <\/p>\n<ul>\n<li>Datos ilimitados &#8211; <a href=\"https:\/\/holafly.sjv.io\/mO4jea\" target=\"_blank\" rel=\"nofollow noopener\">Holafly<\/a><\/li>\n<li>Paquetes de GB m\u00e1s peque\u00f1os para uso ocasional &#8211; <a href=\"https:\/\/maya.net\/esim\/mexico?pid=48fhb2345dg6\" target=\"_blank\" rel=\"nofollow noopener\">Maya Mobile<\/a> o <a href=\"https:\/\/www.getnomad.app\/mexico-eSIM?rfsn=7045778.947b00\" target=\"_blank\" rel=\"nofollow noopener\">Nomad<\/a><\/li>\n<li>Compartir datos (Hotspot\/Tethering) &#8211; <a href=\"https:\/\/maya.net\/esim\/mexico?pid=48fhb2345dg6\" target=\"_blank\" rel=\"nofollow noopener\">Maya Mobile<\/a>, <a href=\"https:\/\/www.getnomad.app\/mexico-eSIM?rfsn=7045778.947b00\" target=\"_blank\" rel=\"noopener\">Nomad<\/a> o <a href=\"https:\/\/holafly.sjv.io\/QjYABx\" target=\"_blank\" rel=\"nofollow noopener\">Holalfly (Limitado a 500 MB)<\/a><\/li>\n<li>Planes regionales en Norteam\u00e9rica &#8211; <a href=\"https:\/\/maya.net\/plans\/latin-america?pid=48fhb2345dg6\" target=\"_blank\" rel=\"noopener\">Maya Mobile<\/a>, <a href=\"https:\/\/holafly.sjv.io\/mO4jea\" target=\"_blank\" rel=\"nofollow noopener\">Holalfly<\/a> (Ilimitado), <a href=\"https:\/\/www.getnomad.app\/north-america-eSIM?rfsn=7045778.947b00\" target=\"_blank\" rel=\"nofollow noopener\">Nomad<\/a><\/li>\n<\/ul>\n<\/div>\n","protected":false},"excerpt":{"rendered":"<p>\u00bfTe cuesta encontrar la eSIM perfecta para M\u00e9xico? Una eSIM es una de las formas m\u00e1s sencillas de obtener acceso a Internet m\u00f3vil cuando viajas a M\u00e9xico. En lugar de perder el tiempo consiguiendo una tarjeta SIM local de M\u00e9xico cuando aterrices, puedes conseguir una eSIM ahora y disfrutar del viaje. A continuaci\u00f3n destacar\u00e9 las [&hellip;]<\/p>\n","protected":false},"author":2,"featured_media":0,"parent":0,"menu_order":0,"comment_status":"closed","ping_status":"closed","template":"best-esim-template.php","meta":{"_lmt_disableupdate":"","_lmt_disable":""},"categories":[600329,600183],"acf":[],"_links":{"self":[{"href":"https:\/\/expertworldtravel.com\/es\/wp-json\/wp\/v2\/pages\/3141690"}],"collection":[{"href":"https:\/\/expertworldtravel.com\/es\/wp-json\/wp\/v2\/pages"}],"about":[{"href":"https:\/\/expertworldtravel.com\/es\/wp-json\/wp\/v2\/types\/page"}],"author":[{"embeddable":true,"href":"https:\/\/expertworldtravel.com\/es\/wp-json\/wp\/v2\/users\/2"}],"replies":[{"embeddable":true,"href":"https:\/\/expertworldtravel.com\/es\/wp-json\/wp\/v2\/comments?post=3141690"}],"version-history":[{"count":1,"href":"https:\/\/expertworldtravel.com\/es\/wp-json\/wp\/v2\/pages\/3141690\/revisions"}],"predecessor-version":[{"id":3142096,"href":"https:\/\/expertworldtravel.com\/es\/wp-json\/wp\/v2\/pages\/3141690\/revisions\/3142096"}],"wp:attachment":[{"href":"https:\/\/expertworldtravel.com\/es\/wp-json\/wp\/v2\/media?parent=3141690"}],"wp:term":[{"taxonomy":"category","embeddable":true,"href":"https:\/\/expertworldtravel.com\/es\/wp-json\/wp\/v2\/categories?post=3141690"}],"curies":[{"name":"wp","href":"https:\/\/api.w.org\/{rel}","templated":true}]}}