{"id":3141741,"date":"2023-02-07T13:33:08","date_gmt":"2023-02-07T13:33:08","guid":{"rendered":"https:\/\/expertworldtravel.com\/esim-asia\/"},"modified":"2025-01-21T10:07:17","modified_gmt":"2025-01-21T10:07:17","slug":"esim-asia","status":"publish","type":"page","link":"https:\/\/expertworldtravel.com\/es\/esim-asia\/","title":{"rendered":"Mejor eSIM para Asia en 2025 (Datos asequibles)"},"content":{"rendered":"<p class=\"ifp\">\u00bfViajas a Asia y quieres datos para tu tel\u00e9fono cuando llegues? Pues una eSIM es la forma perfecta de resolver ese problema. Te lo digo por experiencia.  <\/p>\n<p class=\"ifp\">Tanto si necesitas acceso a Internet para una semana como para un mes, hay una eSIM para Asia adecuada para tu pr\u00f3ximo viaje. En esta gu\u00eda detallada, te contaremos todo sobre las mejores opciones de eSIM para Asia. <\/p>\n<p>  Tambi\u00e9n he incluido los mejores planes regionales para Asia, por si piensas visitar m\u00e1s de un pa\u00eds de la regi\u00f3n. Esta gu\u00eda incluye compatibilidad de dispositivos, compatibilidad con eSIM y consejos para utilizar eSIM en Asia, \u00a1as\u00ed que sigue leyendo para ver las mejores opciones de eSIM para Asia! <\/p>\n<h2><span id=\"Benefits_of_Getting_an_eSIM_for_Asia\">Ventajas de conseguir una eSIM para Asia<\/span><\/h2>\n<p>La principal ventaja de tener una eSIM asi\u00e1tica es el f\u00e1cil acceso a Internet siempre que lo necesites. No tienes que utilizar la itinerancia de datos, que suele ser muy cara para cantidades rid\u00edculamente peque\u00f1as de datos. Tampoco tienes que vagar por una ciudad extranjera buscando una tarjeta SIM internacional para Asia, ya que puedes comprar y configurar f\u00e1cilmente una eSIM por Internet. Y si compras un plan de datos eSIM a un proveedor que permita compartir datos, es como si tuvieras WiFi de bolsillo. Puedes conectar tus otros dispositivos y compartir Internet, lo que es genial. <\/p>\n","protected":false},"excerpt":{"rendered":"<p>\u00bfViajas a Asia y quieres datos para tu tel\u00e9fono cuando llegues? Pues una eSIM es la forma perfecta de resolver ese problema. Te lo digo por experiencia. Tanto si necesitas acceso a Internet para una semana como para un mes, hay una eSIM para Asia adecuada para tu pr\u00f3ximo viaje. En esta gu\u00eda detallada, te [&hellip;]<\/p>\n","protected":false},"author":2,"featured_media":0,"parent":0,"menu_order":0,"comment_status":"closed","ping_status":"closed","template":"best-template.php","meta":{"_lmt_disableupdate":"","_lmt_disable":""},"categories":[],"acf":[],"_links":{"self":[{"href":"https:\/\/expertworldtravel.com\/es\/wp-json\/wp\/v2\/pages\/3141741"}],"collection":[{"href":"https:\/\/expertworldtravel.com\/es\/wp-json\/wp\/v2\/pages"}],"about":[{"href":"https:\/\/expertworldtravel.com\/es\/wp-json\/wp\/v2\/types\/page"}],"author":[{"embeddable":true,"href":"https:\/\/expertworldtravel.com\/es\/wp-json\/wp\/v2\/users\/2"}],"replies":[{"embeddable":true,"href":"https:\/\/expertworldtravel.com\/es\/wp-json\/wp\/v2\/comments?post=3141741"}],"version-history":[{"count":1,"href":"https:\/\/expertworldtravel.com\/es\/wp-json\/wp\/v2\/pages\/3141741\/revisions"}],"predecessor-version":[{"id":3141834,"href":"https:\/\/expertworldtravel.com\/es\/wp-json\/wp\/v2\/pages\/3141741\/revisions\/3141834"}],"wp:attachment":[{"href":"https:\/\/expertworldtravel.com\/es\/wp-json\/wp\/v2\/media?parent=3141741"}],"wp:term":[{"taxonomy":"category","embeddable":true,"href":"https:\/\/expertworldtravel.com\/es\/wp-json\/wp\/v2\/categories?post=3141741"}],"curies":[{"name":"wp","href":"https:\/\/api.w.org\/{rel}","templated":true}]}}