{"id":3141776,"date":"2023-03-26T15:35:57","date_gmt":"2023-03-26T15:35:57","guid":{"rendered":"https:\/\/expertworldtravel.com\/esim-nueva-zelanda\/"},"modified":"2024-12-24T09:48:22","modified_gmt":"2024-12-24T09:48:22","slug":"esim-nueva-zelanda","status":"publish","type":"page","link":"https:\/\/expertworldtravel.com\/es\/esim-nueva-zelanda\/","title":{"rendered":"La mejor eSIM para Nueva Zelanda (opciones locales e internacionales)"},"content":{"rendered":"<p class=\"ifp\">\u00bfNecesitas una eSim para un viaje a Nueva Zelanda? Entonces has venido al lugar adecuado, porque esta gu\u00eda detallada explora todas tus mejores opciones de eSims en Nueva Zelanda. <\/p>\n<p>Tanto si necesitas s\u00f3lo un par de GB de datos m\u00f3viles para un viaje corto, como si buscas una eSim con la funcionalidad de una tarjeta sim f\u00edsica, aqu\u00ed encontrar\u00e1s todo lo que necesitas saber sobre las eSims de Nueva Zelanda. Sigue leyendo para descubrir cu\u00e1les son tus opciones cuando se trata de una eSim para Nueva Zelanda. <\/p>\n","protected":false},"excerpt":{"rendered":"<p>\u00bfNecesitas una eSim para un viaje a Nueva Zelanda? Entonces has venido al lugar adecuado, porque esta gu\u00eda detallada explora todas tus mejores opciones de eSims en Nueva Zelanda. Tanto si necesitas s\u00f3lo un par de GB de datos m\u00f3viles para un viaje corto, como si buscas una eSim con la funcionalidad de una tarjeta [&hellip;]<\/p>\n","protected":false},"author":2,"featured_media":0,"parent":0,"menu_order":0,"comment_status":"closed","ping_status":"closed","template":"best-esim-template.php","meta":{"_lmt_disableupdate":"","_lmt_disable":""},"categories":[],"acf":[],"_links":{"self":[{"href":"https:\/\/expertworldtravel.com\/es\/wp-json\/wp\/v2\/pages\/3141776"}],"collection":[{"href":"https:\/\/expertworldtravel.com\/es\/wp-json\/wp\/v2\/pages"}],"about":[{"href":"https:\/\/expertworldtravel.com\/es\/wp-json\/wp\/v2\/types\/page"}],"author":[{"embeddable":true,"href":"https:\/\/expertworldtravel.com\/es\/wp-json\/wp\/v2\/users\/2"}],"replies":[{"embeddable":true,"href":"https:\/\/expertworldtravel.com\/es\/wp-json\/wp\/v2\/comments?post=3141776"}],"version-history":[{"count":1,"href":"https:\/\/expertworldtravel.com\/es\/wp-json\/wp\/v2\/pages\/3141776\/revisions"}],"predecessor-version":[{"id":3141836,"href":"https:\/\/expertworldtravel.com\/es\/wp-json\/wp\/v2\/pages\/3141776\/revisions\/3141836"}],"wp:attachment":[{"href":"https:\/\/expertworldtravel.com\/es\/wp-json\/wp\/v2\/media?parent=3141776"}],"wp:term":[{"taxonomy":"category","embeddable":true,"href":"https:\/\/expertworldtravel.com\/es\/wp-json\/wp\/v2\/categories?post=3141776"}],"curies":[{"name":"wp","href":"https:\/\/api.w.org\/{rel}","templated":true}]}}