{"id":3141828,"date":"2023-09-26T14:38:07","date_gmt":"2023-09-26T14:38:07","guid":{"rendered":"https:\/\/expertworldtravel.com\/esim-laos\/"},"modified":"2024-12-24T09:43:26","modified_gmt":"2024-12-24T09:43:26","slug":"esim-laos","status":"publish","type":"page","link":"https:\/\/expertworldtravel.com\/es\/esim-laos\/","title":{"rendered":"Mejor eSIM para Laos (Datos a bajo precio)"},"content":{"rendered":"<p>Comprar una eSIM para usarla mientras est\u00e1s en Laos es una gran idea si quieres acceso barato a Internet durante tus vacaciones. Un plan de datos eSIM es siempre m\u00e1s barato que los datos en itinerancia, y suele ofrecer una conexi\u00f3n a Internet m\u00e1s estable. He examinado los planes eSIM para Laos de los principales proveedores de eSIM y los he comparado, para que puedas encontrar f\u00e1cilmente la mejor opci\u00f3n para ti. Esta revisi\u00f3n detallada de las mejores eSIM para Laos incluye planes semanales, mensuales e incluso eSIM con cobertura regional en Asia y n\u00fameros de tel\u00e9fono. Hay opciones para todos, \u00a1as\u00ed que acomp\u00e1\u00f1ame mientras te gu\u00edo por todas las opciones de una eSIM para Laos!<\/p>\n","protected":false},"excerpt":{"rendered":"<p>Comprar una eSIM para usarla mientras est\u00e1s en Laos es una gran idea si quieres acceso barato a Internet durante tus vacaciones. Un plan de datos eSIM es siempre m\u00e1s barato que los datos en itinerancia, y suele ofrecer una conexi\u00f3n a Internet m\u00e1s estable. He examinado los planes eSIM para Laos de los principales [&hellip;]<\/p>\n","protected":false},"author":2,"featured_media":3140711,"parent":0,"menu_order":0,"comment_status":"closed","ping_status":"closed","template":"best-esim-template.php","meta":{"_lmt_disableupdate":"","_lmt_disable":""},"categories":[600329,600182],"acf":[],"_links":{"self":[{"href":"https:\/\/expertworldtravel.com\/es\/wp-json\/wp\/v2\/pages\/3141828"}],"collection":[{"href":"https:\/\/expertworldtravel.com\/es\/wp-json\/wp\/v2\/pages"}],"about":[{"href":"https:\/\/expertworldtravel.com\/es\/wp-json\/wp\/v2\/types\/page"}],"author":[{"embeddable":true,"href":"https:\/\/expertworldtravel.com\/es\/wp-json\/wp\/v2\/users\/2"}],"replies":[{"embeddable":true,"href":"https:\/\/expertworldtravel.com\/es\/wp-json\/wp\/v2\/comments?post=3141828"}],"version-history":[{"count":0,"href":"https:\/\/expertworldtravel.com\/es\/wp-json\/wp\/v2\/pages\/3141828\/revisions"}],"wp:featuredmedia":[{"embeddable":true,"href":"https:\/\/expertworldtravel.com\/es\/wp-json\/wp\/v2\/media\/3140711"}],"wp:attachment":[{"href":"https:\/\/expertworldtravel.com\/es\/wp-json\/wp\/v2\/media?parent=3141828"}],"wp:term":[{"taxonomy":"category","embeddable":true,"href":"https:\/\/expertworldtravel.com\/es\/wp-json\/wp\/v2\/categories?post=3141828"}],"curies":[{"name":"wp","href":"https:\/\/api.w.org\/{rel}","templated":true}]}}