{"id":3141846,"date":"2023-04-20T10:21:11","date_gmt":"2023-04-20T10:21:11","guid":{"rendered":"https:\/\/expertworldtravel.com\/esim-brasil\/"},"modified":"2024-12-24T10:25:51","modified_gmt":"2024-12-24T10:25:51","slug":"esim-brasil","status":"publish","type":"page","link":"https:\/\/expertworldtravel.com\/es\/esim-brasil\/","title":{"rendered":"La mejor eSim para Brasil (No m\u00e1s gastos de itinerancia)"},"content":{"rendered":"<p>\u00bfVas a viajar a Brasil y quieres conseguir una eSim para utilizarla durante el viaje? Entonces has venido al lugar adecuado, porque esta gu\u00eda detallada te lo contar\u00e1 todo sobre las mejores eSims para Brasil. He cubierto las opciones m\u00e1s populares de proveedores internacionales y locales, as\u00ed como algunas opciones de tarjetas sim f\u00edsicas para viajes, en caso de que tu tel\u00e9fono a\u00fan admita esta tecnolog\u00eda. Tanto si vas a estar en el pa\u00eds unos d\u00edas como unos meses, aqu\u00ed ver\u00e1s al menos un par de planes de datos eSim adecuados para tus necesidades de viaje. <\/p>\n","protected":false},"excerpt":{"rendered":"<p>\u00bfVas a viajar a Brasil y quieres conseguir una eSim para utilizarla durante el viaje? Entonces has venido al lugar adecuado, porque esta gu\u00eda detallada te lo contar\u00e1 todo sobre las mejores eSims para Brasil. He cubierto las opciones m\u00e1s populares de proveedores internacionales y locales, as\u00ed como algunas opciones de tarjetas sim f\u00edsicas para [&hellip;]<\/p>\n","protected":false},"author":6,"featured_media":3134004,"parent":0,"menu_order":0,"comment_status":"closed","ping_status":"closed","template":"best-esim-template.php","meta":{"_lmt_disableupdate":"","_lmt_disable":""},"categories":[600346,600182],"acf":[],"_links":{"self":[{"href":"https:\/\/expertworldtravel.com\/es\/wp-json\/wp\/v2\/pages\/3141846"}],"collection":[{"href":"https:\/\/expertworldtravel.com\/es\/wp-json\/wp\/v2\/pages"}],"about":[{"href":"https:\/\/expertworldtravel.com\/es\/wp-json\/wp\/v2\/types\/page"}],"author":[{"embeddable":true,"href":"https:\/\/expertworldtravel.com\/es\/wp-json\/wp\/v2\/users\/6"}],"replies":[{"embeddable":true,"href":"https:\/\/expertworldtravel.com\/es\/wp-json\/wp\/v2\/comments?post=3141846"}],"version-history":[{"count":0,"href":"https:\/\/expertworldtravel.com\/es\/wp-json\/wp\/v2\/pages\/3141846\/revisions"}],"wp:featuredmedia":[{"embeddable":true,"href":"https:\/\/expertworldtravel.com\/es\/wp-json\/wp\/v2\/media\/3134004"}],"wp:attachment":[{"href":"https:\/\/expertworldtravel.com\/es\/wp-json\/wp\/v2\/media?parent=3141846"}],"wp:term":[{"taxonomy":"category","embeddable":true,"href":"https:\/\/expertworldtravel.com\/es\/wp-json\/wp\/v2\/categories?post=3141846"}],"curies":[{"name":"wp","href":"https:\/\/api.w.org\/{rel}","templated":true}]}}