{"id":3141901,"date":"2022-12-14T17:43:50","date_gmt":"2022-12-14T17:43:50","guid":{"rendered":"https:\/\/expertworldtravel.com\/esim-international-travel\/"},"modified":"2024-12-26T12:51:31","modified_gmt":"2024-12-26T12:51:31","slug":"esim-international-travel","status":"publish","type":"page","link":"https:\/\/expertworldtravel.com\/es\/esim-international-travel\/","title":{"rendered":"La mejor eSim para viajes internacionales: Gu\u00eda detallada"},"content":{"rendered":"<p>Si viajas mucho como yo, probablemente hayas o\u00eddo hablar de una tarjeta eSim internacional y te est\u00e9s preguntando si merece la pena hacerse con una. Pero, como las eSim son relativamente nuevas para todos nosotros, no sabemos mucho sobre ellas, si son \u00fatiles y, si lo son, con cu\u00e1l de los proveedores de eSim quedarnos. Vamos a resolverlo. En este art\u00edculo repasar\u00e9 todo lo que necesitas saber, desde qu\u00e9 es una eSim hasta c\u00f3mo funcionan, d\u00f3nde funcionan, con qu\u00e9 dispositivos funcionan y los principales proveedores de eSim entre los que elegir. Al final, deber\u00edas saber si una eSim es mejor para ti que utilizar tarjetas SIM f\u00edsicas, y cu\u00e1l es el mejor proveedor de eSim que se adapta a tus pautas de viaje.<\/p>\n<p> Sumerj\u00e1monos.<\/p>\n","protected":false},"excerpt":{"rendered":"<p>Si viajas mucho como yo, probablemente hayas o\u00eddo hablar de una tarjeta eSim internacional y te est\u00e9s preguntando si merece la pena hacerse con una. Pero, como las eSim son relativamente nuevas para todos nosotros, no sabemos mucho sobre ellas, si son \u00fatiles y, si lo son, con cu\u00e1l de los proveedores de eSim quedarnos. [&hellip;]<\/p>\n","protected":false},"author":6,"featured_media":3132676,"parent":0,"menu_order":0,"comment_status":"closed","ping_status":"closed","template":"best-template.php","meta":{"_lmt_disableupdate":"","_lmt_disable":""},"categories":[600182],"acf":[],"_links":{"self":[{"href":"https:\/\/expertworldtravel.com\/es\/wp-json\/wp\/v2\/pages\/3141901"}],"collection":[{"href":"https:\/\/expertworldtravel.com\/es\/wp-json\/wp\/v2\/pages"}],"about":[{"href":"https:\/\/expertworldtravel.com\/es\/wp-json\/wp\/v2\/types\/page"}],"author":[{"embeddable":true,"href":"https:\/\/expertworldtravel.com\/es\/wp-json\/wp\/v2\/users\/6"}],"replies":[{"embeddable":true,"href":"https:\/\/expertworldtravel.com\/es\/wp-json\/wp\/v2\/comments?post=3141901"}],"version-history":[{"count":0,"href":"https:\/\/expertworldtravel.com\/es\/wp-json\/wp\/v2\/pages\/3141901\/revisions"}],"wp:featuredmedia":[{"embeddable":true,"href":"https:\/\/expertworldtravel.com\/es\/wp-json\/wp\/v2\/media\/3132676"}],"wp:attachment":[{"href":"https:\/\/expertworldtravel.com\/es\/wp-json\/wp\/v2\/media?parent=3141901"}],"wp:term":[{"taxonomy":"category","embeddable":true,"href":"https:\/\/expertworldtravel.com\/es\/wp-json\/wp\/v2\/categories?post=3141901"}],"curies":[{"name":"wp","href":"https:\/\/api.w.org\/{rel}","templated":true}]}}