{"id":3141985,"date":"2023-04-17T13:31:52","date_gmt":"2023-04-17T13:31:52","guid":{"rendered":"https:\/\/expertworldtravel.com\/esim-colombia\/"},"modified":"2024-12-31T10:16:41","modified_gmt":"2024-12-31T10:16:41","slug":"esim-colombia","status":"publish","type":"page","link":"https:\/\/expertworldtravel.com\/es\/esim-colombia\/","title":{"rendered":"Mejor eSim para Colombia (Mantente conectado en cualquier lugar)"},"content":{"rendered":"<p>\u00bfQuieres conseguir una eSim para un pr\u00f3ximo viaje a Colombia? Has venido al lugar adecuado, porque esta gu\u00eda detallada te dir\u00e1 todo lo que necesitas saber sobre los mejores proveedores de eSim de Colombia. He enumerado los planes de datos disponibles de todos los proveedores de eSim m\u00e1s populares, e incluyen desde 500 MB hasta datos eSim ilimitados. Tanto si te quedas en el pa\u00eds unos d\u00edas como unos meses, ver\u00e1s al menos un par de planes sim integrados que son perfectos para ti. <\/p>\n","protected":false},"excerpt":{"rendered":"<p>\u00bfQuieres conseguir una eSim para un pr\u00f3ximo viaje a Colombia? Has venido al lugar adecuado, porque esta gu\u00eda detallada te dir\u00e1 todo lo que necesitas saber sobre los mejores proveedores de eSim de Colombia. He enumerado los planes de datos disponibles de todos los proveedores de eSim m\u00e1s populares, e incluyen desde 500 MB hasta [&hellip;]<\/p>\n","protected":false},"author":6,"featured_media":3133990,"parent":0,"menu_order":0,"comment_status":"closed","ping_status":"closed","template":"best-esim-template.php","meta":{"_lmt_disableupdate":"","_lmt_disable":""},"categories":[600360,600182],"acf":[],"_links":{"self":[{"href":"https:\/\/expertworldtravel.com\/es\/wp-json\/wp\/v2\/pages\/3141985"}],"collection":[{"href":"https:\/\/expertworldtravel.com\/es\/wp-json\/wp\/v2\/pages"}],"about":[{"href":"https:\/\/expertworldtravel.com\/es\/wp-json\/wp\/v2\/types\/page"}],"author":[{"embeddable":true,"href":"https:\/\/expertworldtravel.com\/es\/wp-json\/wp\/v2\/users\/6"}],"replies":[{"embeddable":true,"href":"https:\/\/expertworldtravel.com\/es\/wp-json\/wp\/v2\/comments?post=3141985"}],"version-history":[{"count":0,"href":"https:\/\/expertworldtravel.com\/es\/wp-json\/wp\/v2\/pages\/3141985\/revisions"}],"wp:featuredmedia":[{"embeddable":true,"href":"https:\/\/expertworldtravel.com\/es\/wp-json\/wp\/v2\/media\/3133990"}],"wp:attachment":[{"href":"https:\/\/expertworldtravel.com\/es\/wp-json\/wp\/v2\/media?parent=3141985"}],"wp:term":[{"taxonomy":"category","embeddable":true,"href":"https:\/\/expertworldtravel.com\/es\/wp-json\/wp\/v2\/categories?post=3141985"}],"curies":[{"name":"wp","href":"https:\/\/api.w.org\/{rel}","templated":true}]}}