{"id":3142039,"date":"2023-04-25T10:21:26","date_gmt":"2023-04-25T10:21:26","guid":{"rendered":"https:\/\/expertworldtravel.com\/esim-egipto\/"},"modified":"2025-01-08T12:00:27","modified_gmt":"2025-01-08T12:00:27","slug":"esim-egipto","status":"publish","type":"page","link":"https:\/\/expertworldtravel.com\/es\/esim-egipto\/","title":{"rendered":"La mejor eSIM para Egipto (Mantente conectado cuando viajes)"},"content":{"rendered":"<p>\u00bfEst\u00e1s buscando una eSIM para Egipto? Entonces est\u00e1s en el lugar adecuado, porque esta gu\u00eda detallada te informar\u00e1 de las mejores opciones de eSIM para Egipto. No importa ad\u00f3nde viajes, siempre es una buena idea <a href=\"https:\/\/expertworldtravel.com\/best-esim-international-travel\/\" target=\"_blank\" rel=\"noopener\">conseguir una eSIM de viaje<\/a>. Egipto no es una excepci\u00f3n, principalmente porque el pa\u00eds no tiene una gran cobertura WiFi gratuita, y necesitar\u00e1s alg\u00fan plan sim local para acceder a Internet siempre que quieras. <\/p>\n<h2>Elegir la mejor eSIM egipcia<\/h2>\n<p>El reto de encontrar una eSIM en Egipto es el precio. Aunque estuve tentado de conseguir una tarjeta SIM al aterrizar, sab\u00eda que era una experiencia dolorosa. As\u00ed que opt\u00e9 por una mezcla de Airalo y Holafly, dependiendo de si utilizaba muchos datos. Por supuesto, donde m\u00e1s datos utilizamos fue en nuestro hotel, por la noche, despu\u00e9s de haber estado todo el d\u00eda en las pir\u00e1mides o en un crucero. As\u00ed que, sinceramente, no necesit\u00e1bamos datos ilimitados. Pero, si est\u00e1s mucho en Insta o ves muchos v\u00eddeos, tus opciones pueden ser diferentes. Aqu\u00ed tienes las dos mejores opciones que encontramos en Egipto:  <\/p>\n<ul>\n<li><a href=\"https:\/\/maya.net\/esim\/egypt?pid=48fhb2345dg6\" target=\"_blank\" rel=\"noopener\">Maya Mobile<\/a> para los paquetes de prepago m\u00e1s baratos<\/li>\n<li><a href=\"https:\/\/holafly.sjv.io\/3J7knB\" target=\"_blank\" rel=\"nofollow noopener\">Holafly<\/a> para datos ilimitados<\/li>\n<\/ul>\n","protected":false},"excerpt":{"rendered":"<p>\u00bfEst\u00e1s buscando una eSIM para Egipto? Entonces est\u00e1s en el lugar adecuado, porque esta gu\u00eda detallada te informar\u00e1 de las mejores opciones de eSIM para Egipto. No importa ad\u00f3nde viajes, siempre es una buena idea conseguir una eSIM de viaje. Egipto no es una excepci\u00f3n, principalmente porque el pa\u00eds no tiene una gran cobertura WiFi [&hellip;]<\/p>\n","protected":false},"author":6,"featured_media":3134018,"parent":0,"menu_order":0,"comment_status":"closed","ping_status":"closed","template":"best-esim-template.php","meta":{"_lmt_disableupdate":"","_lmt_disable":""},"categories":[600290,600182],"acf":[],"_links":{"self":[{"href":"https:\/\/expertworldtravel.com\/es\/wp-json\/wp\/v2\/pages\/3142039"}],"collection":[{"href":"https:\/\/expertworldtravel.com\/es\/wp-json\/wp\/v2\/pages"}],"about":[{"href":"https:\/\/expertworldtravel.com\/es\/wp-json\/wp\/v2\/types\/page"}],"author":[{"embeddable":true,"href":"https:\/\/expertworldtravel.com\/es\/wp-json\/wp\/v2\/users\/6"}],"replies":[{"embeddable":true,"href":"https:\/\/expertworldtravel.com\/es\/wp-json\/wp\/v2\/comments?post=3142039"}],"version-history":[{"count":2,"href":"https:\/\/expertworldtravel.com\/es\/wp-json\/wp\/v2\/pages\/3142039\/revisions"}],"predecessor-version":[{"id":3142108,"href":"https:\/\/expertworldtravel.com\/es\/wp-json\/wp\/v2\/pages\/3142039\/revisions\/3142108"}],"wp:featuredmedia":[{"embeddable":true,"href":"https:\/\/expertworldtravel.com\/es\/wp-json\/wp\/v2\/media\/3134018"}],"wp:attachment":[{"href":"https:\/\/expertworldtravel.com\/es\/wp-json\/wp\/v2\/media?parent=3142039"}],"wp:term":[{"taxonomy":"category","embeddable":true,"href":"https:\/\/expertworldtravel.com\/es\/wp-json\/wp\/v2\/categories?post=3142039"}],"curies":[{"name":"wp","href":"https:\/\/api.w.org\/{rel}","templated":true}]}}