{"id":3142070,"date":"2023-04-24T10:11:00","date_gmt":"2023-04-24T10:11:00","guid":{"rendered":"https:\/\/expertworldtravel.com\/esim-peru\/"},"modified":"2025-01-05T16:12:38","modified_gmt":"2025-01-05T16:12:38","slug":"esim-peru","status":"publish","type":"page","link":"https:\/\/expertworldtravel.com\/es\/esim-peru\/","title":{"rendered":"La mejor eSim para Per\u00fa (m\u00e1s barata que la itinerancia de datos)"},"content":{"rendered":"<p>\u00bfVas a viajar a Per\u00fa por un tiempo y quieres estar seguro de que tendr\u00e1s acceso a Internet siempre que lo necesites? Una eSim es la forma m\u00e1s f\u00e1cil de garantizarlo, y adem\u00e1s es bastante m\u00e1s barata que las tarifas de itinerancia de datos. Muchos proveedores internacionales y locales ofrecen eSims para Per\u00fa, y puedes leer todo sobre ellos aqu\u00ed. He incluido todos los mejores planes para Per\u00fa en esta gu\u00eda detallada, de modo que tanto si te quedas en el pa\u00eds una semana como varios meses, encontrar\u00e1s al menos un par de opciones adecuadas. Tambi\u00e9n he incluido algunos de los <a href=\"https:\/\/expertworldtravel.com\/best-esim-south-america\/\" target=\"_blank\" rel=\"noopener\">mejores planes eSim con cobertura regional en Sudam\u00e9rica, \u00a1<\/a> para los viajeros que tengan previsto explorar tambi\u00e9n fuera de las fronteras de Per\u00fa! <\/p>\n","protected":false},"excerpt":{"rendered":"<p>\u00bfVas a viajar a Per\u00fa por un tiempo y quieres estar seguro de que tendr\u00e1s acceso a Internet siempre que lo necesites? Una eSim es la forma m\u00e1s f\u00e1cil de garantizarlo, y adem\u00e1s es bastante m\u00e1s barata que las tarifas de itinerancia de datos. Muchos proveedores internacionales y locales ofrecen eSims para Per\u00fa, y puedes [&hellip;]<\/p>\n","protected":false},"author":6,"featured_media":3134016,"parent":0,"menu_order":0,"comment_status":"closed","ping_status":"closed","template":"best-esim-template.php","meta":{"_lmt_disableupdate":"","_lmt_disable":""},"categories":[600182,600365],"acf":[],"_links":{"self":[{"href":"https:\/\/expertworldtravel.com\/es\/wp-json\/wp\/v2\/pages\/3142070"}],"collection":[{"href":"https:\/\/expertworldtravel.com\/es\/wp-json\/wp\/v2\/pages"}],"about":[{"href":"https:\/\/expertworldtravel.com\/es\/wp-json\/wp\/v2\/types\/page"}],"author":[{"embeddable":true,"href":"https:\/\/expertworldtravel.com\/es\/wp-json\/wp\/v2\/users\/6"}],"replies":[{"embeddable":true,"href":"https:\/\/expertworldtravel.com\/es\/wp-json\/wp\/v2\/comments?post=3142070"}],"version-history":[{"count":0,"href":"https:\/\/expertworldtravel.com\/es\/wp-json\/wp\/v2\/pages\/3142070\/revisions"}],"wp:featuredmedia":[{"embeddable":true,"href":"https:\/\/expertworldtravel.com\/es\/wp-json\/wp\/v2\/media\/3134016"}],"wp:attachment":[{"href":"https:\/\/expertworldtravel.com\/es\/wp-json\/wp\/v2\/media?parent=3142070"}],"wp:term":[{"taxonomy":"category","embeddable":true,"href":"https:\/\/expertworldtravel.com\/es\/wp-json\/wp\/v2\/categories?post=3142070"}],"curies":[{"name":"wp","href":"https:\/\/api.w.org\/{rel}","templated":true}]}}