{"id":3142151,"date":"2023-02-26T04:19:06","date_gmt":"2023-02-26T04:19:06","guid":{"rendered":"https:\/\/expertworldtravel.com\/holafly-opinion\/"},"modified":"2025-01-08T12:34:12","modified_gmt":"2025-01-08T12:34:12","slug":"holafly-opinion","status":"publish","type":"page","link":"https:\/\/expertworldtravel.com\/es\/holafly-opinion\/","title":{"rendered":"Opini\u00f3n de Holafly: \u00bfLa mejor eSIM para viajar? (No siempre)"},"content":{"rendered":"<p>\u00bfEst\u00e1s pensando en adquirir la <a href=\"https:\/\/holafly.sjv.io\/DyLM5y\" target=\"_blank\" rel=\"nofollow noopener\">Holafly eSim<\/a> para tu pr\u00f3ximo viaje? Esta gu\u00eda te ayudar\u00e1 a averiguar si te conviene. Holafly ofrece unos magn\u00edficos paquetes eSim con datos ilimitados, pero no son para todo el mundo. Si necesitas acceso a Internet en tu tel\u00e9fono para consultar mapas y redes sociales, son estupendos, pero no son para trabajadores remotos. Sigue leyendo para saber por qu\u00e9, y obt\u00e9n toda la informaci\u00f3n que necesites sobre Holafly para ver si son adecuados para ti. <\/p>\n","protected":false},"excerpt":{"rendered":"<p>\u00bfEst\u00e1s pensando en adquirir la Holafly eSim para tu pr\u00f3ximo viaje? Esta gu\u00eda te ayudar\u00e1 a averiguar si te conviene. Holafly ofrece unos magn\u00edficos paquetes eSim con datos ilimitados, pero no son para todo el mundo. Si necesitas acceso a Internet en tu tel\u00e9fono para consultar mapas y redes sociales, son estupendos, pero no son [&hellip;]<\/p>\n","protected":false},"author":1,"featured_media":0,"parent":0,"menu_order":0,"comment_status":"closed","ping_status":"closed","template":"single-product-review.php","meta":{"_lmt_disableupdate":"","_lmt_disable":""},"categories":[],"acf":[],"_links":{"self":[{"href":"https:\/\/expertworldtravel.com\/es\/wp-json\/wp\/v2\/pages\/3142151"}],"collection":[{"href":"https:\/\/expertworldtravel.com\/es\/wp-json\/wp\/v2\/pages"}],"about":[{"href":"https:\/\/expertworldtravel.com\/es\/wp-json\/wp\/v2\/types\/page"}],"author":[{"embeddable":true,"href":"https:\/\/expertworldtravel.com\/es\/wp-json\/wp\/v2\/users\/1"}],"replies":[{"embeddable":true,"href":"https:\/\/expertworldtravel.com\/es\/wp-json\/wp\/v2\/comments?post=3142151"}],"version-history":[{"count":0,"href":"https:\/\/expertworldtravel.com\/es\/wp-json\/wp\/v2\/pages\/3142151\/revisions"}],"wp:attachment":[{"href":"https:\/\/expertworldtravel.com\/es\/wp-json\/wp\/v2\/media?parent=3142151"}],"wp:term":[{"taxonomy":"category","embeddable":true,"href":"https:\/\/expertworldtravel.com\/es\/wp-json\/wp\/v2\/categories?post=3142151"}],"curies":[{"name":"wp","href":"https:\/\/api.w.org\/{rel}","templated":true}]}}