{"id":3142228,"date":"2023-03-31T11:30:08","date_gmt":"2023-03-31T11:30:08","guid":{"rendered":"https:\/\/expertworldtravel.com\/esim-singapur\/"},"modified":"2025-01-21T12:36:38","modified_gmt":"2025-01-21T12:36:38","slug":"esim-singapur","status":"publish","type":"page","link":"https:\/\/expertworldtravel.com\/es\/esim-singapur\/","title":{"rendered":"La mejor eSIM para Singapur (Connected On The Go)"},"content":{"rendered":"<p>\u00bfVas a viajar a Singapur y quieres conseguir una eSIM para el viaje? Entonces est\u00e1s en el lugar adecuado, \u00a1porque esta gu\u00eda detallada te lo contar\u00e1 todo sobre los mejores proveedores de eSim para Singapur! Tanto si est\u00e1s en Singapur unos d\u00edas como si vas a quedarte una temporada, aqu\u00ed hay al menos un buen plan eSim para ti. Ver\u00e1s planes de s\u00f3lo datos, planes que incluyen un n\u00famero de tel\u00e9fono y planes que ofrecen cobertura regional, \u00a1as\u00ed que hay opciones para todo tipo de viajes a Singapur! <\/p>\n","protected":false},"excerpt":{"rendered":"<p>\u00bfVas a viajar a Singapur y quieres conseguir una eSIM para el viaje? Entonces est\u00e1s en el lugar adecuado, \u00a1porque esta gu\u00eda detallada te lo contar\u00e1 todo sobre los mejores proveedores de eSim para Singapur! Tanto si est\u00e1s en Singapur unos d\u00edas como si vas a quedarte una temporada, aqu\u00ed hay al menos un buen [&hellip;]<\/p>\n","protected":false},"author":6,"featured_media":3133956,"parent":0,"menu_order":0,"comment_status":"closed","ping_status":"closed","template":"best-esim-template.php","meta":{"_lmt_disableupdate":"","_lmt_disable":""},"categories":[600186,600182],"acf":[],"_links":{"self":[{"href":"https:\/\/expertworldtravel.com\/es\/wp-json\/wp\/v2\/pages\/3142228"}],"collection":[{"href":"https:\/\/expertworldtravel.com\/es\/wp-json\/wp\/v2\/pages"}],"about":[{"href":"https:\/\/expertworldtravel.com\/es\/wp-json\/wp\/v2\/types\/page"}],"author":[{"embeddable":true,"href":"https:\/\/expertworldtravel.com\/es\/wp-json\/wp\/v2\/users\/6"}],"replies":[{"embeddable":true,"href":"https:\/\/expertworldtravel.com\/es\/wp-json\/wp\/v2\/comments?post=3142228"}],"version-history":[{"count":0,"href":"https:\/\/expertworldtravel.com\/es\/wp-json\/wp\/v2\/pages\/3142228\/revisions"}],"wp:featuredmedia":[{"embeddable":true,"href":"https:\/\/expertworldtravel.com\/es\/wp-json\/wp\/v2\/media\/3133956"}],"wp:attachment":[{"href":"https:\/\/expertworldtravel.com\/es\/wp-json\/wp\/v2\/media?parent=3142228"}],"wp:term":[{"taxonomy":"category","embeddable":true,"href":"https:\/\/expertworldtravel.com\/es\/wp-json\/wp\/v2\/categories?post=3142228"}],"curies":[{"name":"wp","href":"https:\/\/api.w.org\/{rel}","templated":true}]}}