{"id":3118326,"date":"2022-12-14T20:13:39","date_gmt":"2022-12-14T20:13:39","guid":{"rendered":"https:\/\/expertworldtravel.com\/best-esim-europe\/"},"modified":"2024-12-24T09:50:06","modified_gmt":"2024-12-24T09:50:06","slug":"esim-europe","status":"publish","type":"page","link":"https:\/\/expertworldtravel.com\/fr\/esim-europe\/","title":{"rendered":"Meilleure eSIM pour l&rsquo;Europe en 2025 (comparaison rapide)"},"content":{"rendered":"<p>Vous pr\u00e9voyez un voyage en Europe et vous recherchez un forfait eSIM data ? Cela signifie que vous visiterez plusieurs pays europ\u00e9ens et que vous aurez besoin d&rsquo;une carte eSIM abordable, capable de suivre la cadence au lieu de ces encombrantes cartes SIM. La technologie ESIM est relativement nouvelle et vous n&rsquo;en avez peut-\u00eatre jamais entendu parler. Il s&rsquo;agit d&rsquo;une carte SIM int\u00e9gr\u00e9e que vous pouvez activer lorsque vous arrivez en Europe. Alors, quelle est la meilleure eSIM pour l&rsquo;Europe ? Rejoignez-moi pour passer en revue les meilleures eSIM \u00e0 utiliser en Europe afin de trouver le <a href=\"https:\/\/expertworldtravel.com\/best-esim-international-travel\/\" target=\"_blank\" rel=\"noopener\">meilleur plan eSIM pour vos voyages<\/a>.<\/p>\n<h2>Meilleurs fournisseurs d&rsquo;eSIM en Europe<\/h2>\n<p>Il existe un certain nombre de <a href=\"https:\/\/expertworldtravel.com\/best-esim-providers\/\" target=\"_blank\" rel=\"noopener\">fournisseurs d&rsquo;eSIM<\/a> qui proposent une eSIM pour l&rsquo;Europe et les meilleurs d&rsquo;entre eux sont pr\u00e9sent\u00e9s ci-dessous. Nous allons passer en revue chacun d&rsquo;entre eux et leurs plans de donn\u00e9es eSIM afin que vous puissiez trouver la meilleure eSIM pour l&rsquo;Europe pour vos besoins de voyage. https:\/\/www.youtube.com\/watch?v=X21vIa8siBM&amp;list=PLmr3h1nAE7cFRLaYlU0q2BtqunfRAyE_6&amp;pp=gAQBiAQB<\/p>\n","protected":false},"excerpt":{"rendered":"<p>Vous pr\u00e9voyez un voyage en Europe et vous recherchez un forfait eSIM data ? Cela signifie que vous visiterez plusieurs pays europ\u00e9ens et que vous aurez besoin d&rsquo;une carte eSIM abordable, capable de suivre la cadence au lieu de ces encombrantes cartes SIM. La technologie ESIM est relativement nouvelle et vous n&rsquo;en avez peut-\u00eatre jamais [&hellip;]<\/p>\n","protected":false},"author":6,"featured_media":3118374,"parent":0,"menu_order":0,"comment_status":"closed","ping_status":"closed","template":"best-template.php","meta":{"_lmt_disableupdate":"no","_lmt_disable":""},"categories":[600181],"acf":[],"_links":{"self":[{"href":"https:\/\/expertworldtravel.com\/fr\/wp-json\/wp\/v2\/pages\/3118326"}],"collection":[{"href":"https:\/\/expertworldtravel.com\/fr\/wp-json\/wp\/v2\/pages"}],"about":[{"href":"https:\/\/expertworldtravel.com\/fr\/wp-json\/wp\/v2\/types\/page"}],"author":[{"embeddable":true,"href":"https:\/\/expertworldtravel.com\/fr\/wp-json\/wp\/v2\/users\/6"}],"replies":[{"embeddable":true,"href":"https:\/\/expertworldtravel.com\/fr\/wp-json\/wp\/v2\/comments?post=3118326"}],"version-history":[{"count":1,"href":"https:\/\/expertworldtravel.com\/fr\/wp-json\/wp\/v2\/pages\/3118326\/revisions"}],"predecessor-version":[{"id":3141754,"href":"https:\/\/expertworldtravel.com\/fr\/wp-json\/wp\/v2\/pages\/3118326\/revisions\/3141754"}],"wp:featuredmedia":[{"embeddable":true,"href":"https:\/\/expertworldtravel.com\/fr\/wp-json\/wp\/v2\/media\/3118374"}],"wp:attachment":[{"href":"https:\/\/expertworldtravel.com\/fr\/wp-json\/wp\/v2\/media?parent=3118326"}],"wp:term":[{"taxonomy":"category","embeddable":true,"href":"https:\/\/expertworldtravel.com\/fr\/wp-json\/wp\/v2\/categories?post=3118326"}],"curies":[{"name":"wp","href":"https:\/\/api.w.org\/{rel}","templated":true}]}}