{"id":3128788,"date":"2022-12-29T17:31:27","date_gmt":"2022-12-29T17:31:27","guid":{"rendered":"https:\/\/expertworldtravel.com\/best-esim-usa\/"},"modified":"2024-12-20T12:51:22","modified_gmt":"2024-12-20T12:51:22","slug":"esim-etats-unis","status":"publish","type":"page","link":"https:\/\/expertworldtravel.com\/fr\/esim-etats-unis\/","title":{"rendered":"Meilleure eSIM pour les USA en 2025 (Nous les avons toutes trouv\u00e9es)"},"content":{"rendered":"<p>Vous recherchez la meilleure eSIM pour les \u00c9tats-Unis ?<br \/>\nOu peut-\u00eatre avez-vous pr\u00e9vu un voyage \u00e0 New York, Boston, Los Angeles, Las Vegas, en Floride ou au Texas ?<br \/>\nLes eSIM USA pour les touristes sont une excellente option pour tous ceux qui souhaitent b\u00e9n\u00e9ficier de donn\u00e9es sur leur t\u00e9l\u00e9phone. <\/p>\n<p>Je les utilise tout le temps lorsque je voyage pour m&rsquo;assurer que je n&rsquo;ai pas \u00e0 utiliser l&rsquo;itin\u00e9rance sur mon plan national et j&rsquo;\u00e9conomise ainsi beaucoup d&rsquo;argent.<\/p>\n<p>Nous allons vous expliquer pourquoi vous devriez acheter une eSIM en ligne aupr\u00e8s des meilleurs fournisseurs, quels sont les plans de donn\u00e9es eSIM les moins chers, etc. Quels sont les plans de donn\u00e9es eSIM les moins chers et plus encore. <\/p>\n","protected":false},"excerpt":{"rendered":"<p>Vous recherchez la meilleure eSIM pour les \u00c9tats-Unis ? Ou peut-\u00eatre avez-vous pr\u00e9vu un voyage \u00e0 New York, Boston, Los Angeles, Las Vegas, en Floride ou au Texas ? Les eSIM USA pour les touristes sont une excellente option pour tous ceux qui souhaitent b\u00e9n\u00e9ficier de donn\u00e9es sur leur t\u00e9l\u00e9phone. Je les utilise tout le [&hellip;]<\/p>\n","protected":false},"author":6,"featured_media":3128789,"parent":0,"menu_order":0,"comment_status":"closed","ping_status":"closed","template":"best-template.php","meta":{"_lmt_disableupdate":"no","_lmt_disable":""},"categories":[600181],"acf":[],"_links":{"self":[{"href":"https:\/\/expertworldtravel.com\/fr\/wp-json\/wp\/v2\/pages\/3128788"}],"collection":[{"href":"https:\/\/expertworldtravel.com\/fr\/wp-json\/wp\/v2\/pages"}],"about":[{"href":"https:\/\/expertworldtravel.com\/fr\/wp-json\/wp\/v2\/types\/page"}],"author":[{"embeddable":true,"href":"https:\/\/expertworldtravel.com\/fr\/wp-json\/wp\/v2\/users\/6"}],"replies":[{"embeddable":true,"href":"https:\/\/expertworldtravel.com\/fr\/wp-json\/wp\/v2\/comments?post=3128788"}],"version-history":[{"count":2,"href":"https:\/\/expertworldtravel.com\/fr\/wp-json\/wp\/v2\/pages\/3128788\/revisions"}],"predecessor-version":[{"id":3141726,"href":"https:\/\/expertworldtravel.com\/fr\/wp-json\/wp\/v2\/pages\/3128788\/revisions\/3141726"}],"wp:featuredmedia":[{"embeddable":true,"href":"https:\/\/expertworldtravel.com\/fr\/wp-json\/wp\/v2\/media\/3128789"}],"wp:attachment":[{"href":"https:\/\/expertworldtravel.com\/fr\/wp-json\/wp\/v2\/media?parent=3128788"}],"wp:term":[{"taxonomy":"category","embeddable":true,"href":"https:\/\/expertworldtravel.com\/fr\/wp-json\/wp\/v2\/categories?post=3128788"}],"curies":[{"name":"wp","href":"https:\/\/api.w.org\/{rel}","templated":true}]}}