{"id":3134812,"date":"2023-07-24T11:11:20","date_gmt":"2023-07-24T11:11:20","guid":{"rendered":"https:\/\/expertworldtravel.com\/best-esims-montenegro\/"},"modified":"2023-07-24T11:20:52","modified_gmt":"2023-07-24T11:20:52","slug":"esim-montenegro","status":"publish","type":"page","link":"https:\/\/expertworldtravel.com\/fr\/esim-montenegro\/","title":{"rendered":"Mont\u00e9n\u00e9gro : La meilleure eSim pour un acc\u00e8s facile \u00e0 Internet"},"content":{"rendered":"<p>Vous vous rendez au Mont\u00e9n\u00e9gro et vous cherchez une carte eSim pr\u00e9pay\u00e9e avec des donn\u00e9es faciles et une connectivit\u00e9 rapide ? Nous avons trouv\u00e9 pour vous tous les meilleurs eSims du Mont\u00e9n\u00e9gro !<\/p>\n<p>Le Mont\u00e9n\u00e9gro est un petit pays, mais vous ne voudrez pas vous passer d&rsquo;un bon plan de donn\u00e9es. Qu&rsquo;il s&rsquo;agisse de quelques gigaoctets pour les s\u00e9jours de courte dur\u00e9e ou de forfaits de donn\u00e9es eSIM illimit\u00e9s pour les s\u00e9ances de lecture en continu dans la chambre d&rsquo;h\u00f4tel.<\/p>\n<p>Ce guide pr\u00e9sente les meilleurs eSims que nous avons s\u00e9lectionn\u00e9s lors de notre r\u00e9cent voyage au Mont\u00e9n\u00e9gro.<\/p>\n","protected":false},"excerpt":{"rendered":"<p>Vous vous rendez au Mont\u00e9n\u00e9gro et vous cherchez une carte eSim pr\u00e9pay\u00e9e avec des donn\u00e9es faciles et une connectivit\u00e9 rapide ? Nous avons trouv\u00e9 pour vous tous les meilleurs eSims du Mont\u00e9n\u00e9gro ! Le Mont\u00e9n\u00e9gro est un petit pays, mais vous ne voudrez pas vous passer d&rsquo;un bon plan de donn\u00e9es. Qu&rsquo;il s&rsquo;agisse de quelques [&hellip;]<\/p>\n","protected":false},"author":1,"featured_media":3133812,"parent":0,"menu_order":0,"comment_status":"closed","ping_status":"closed","template":"best-esim-template.php","meta":{"_lmt_disableupdate":"no","_lmt_disable":""},"categories":[600185,600181],"acf":[],"_links":{"self":[{"href":"https:\/\/expertworldtravel.com\/fr\/wp-json\/wp\/v2\/pages\/3134812"}],"collection":[{"href":"https:\/\/expertworldtravel.com\/fr\/wp-json\/wp\/v2\/pages"}],"about":[{"href":"https:\/\/expertworldtravel.com\/fr\/wp-json\/wp\/v2\/types\/page"}],"author":[{"embeddable":true,"href":"https:\/\/expertworldtravel.com\/fr\/wp-json\/wp\/v2\/users\/1"}],"replies":[{"embeddable":true,"href":"https:\/\/expertworldtravel.com\/fr\/wp-json\/wp\/v2\/comments?post=3134812"}],"version-history":[{"count":0,"href":"https:\/\/expertworldtravel.com\/fr\/wp-json\/wp\/v2\/pages\/3134812\/revisions"}],"wp:featuredmedia":[{"embeddable":true,"href":"https:\/\/expertworldtravel.com\/fr\/wp-json\/wp\/v2\/media\/3133812"}],"wp:attachment":[{"href":"https:\/\/expertworldtravel.com\/fr\/wp-json\/wp\/v2\/media?parent=3134812"}],"wp:term":[{"taxonomy":"category","embeddable":true,"href":"https:\/\/expertworldtravel.com\/fr\/wp-json\/wp\/v2\/categories?post=3134812"}],"curies":[{"name":"wp","href":"https:\/\/api.w.org\/{rel}","templated":true}]}}