{"id":3134862,"date":"2023-07-24T13:54:05","date_gmt":"2023-07-24T13:54:05","guid":{"rendered":"https:\/\/expertworldtravel.com\/bosnie-herzegovine-esim\/"},"modified":"2023-07-24T14:04:08","modified_gmt":"2023-07-24T14:04:08","slug":"bosnie-herzegovine-esim","status":"publish","type":"page","link":"https:\/\/expertworldtravel.com\/fr\/bosnie-herzegovine-esim\/","title":{"rendered":"Bosnie-Herz\u00e9govine : La meilleure eSim pour un acc\u00e8s facile \u00e0 l&rsquo;internet"},"content":{"rendered":"<p>Vous vous rendez en Bosnie-Herz\u00e9govine et avez besoin d&rsquo;un ESIM pr\u00e9pay\u00e9 pour votre voyage ? Nous avons recherch\u00e9 les meilleurs ESIM pour la Bosnie-Herz\u00e9govine en ligne.<\/p>\n<p>La Bosnie-Herz\u00e9govine n&rsquo;est peut-\u00eatre pas un grand pays, mais vous voulez un excellent plan de donn\u00e9es pr\u00e9pay\u00e9 utilisant un ESIM. Qu&rsquo;il s&rsquo;agisse de quelques gigaoctets pour les cartes et les e-mails, ou de donn\u00e9es ESIM illimit\u00e9es pour toutes les vid\u00e9os Youtube, ces ESIMS seront parfaits pour vous !<\/p>\n","protected":false},"excerpt":{"rendered":"<p>Vous vous rendez en Bosnie-Herz\u00e9govine et avez besoin d&rsquo;un ESIM pr\u00e9pay\u00e9 pour votre voyage ? Nous avons recherch\u00e9 les meilleurs ESIM pour la Bosnie-Herz\u00e9govine en ligne. La Bosnie-Herz\u00e9govine n&rsquo;est peut-\u00eatre pas un grand pays, mais vous voulez un excellent plan de donn\u00e9es pr\u00e9pay\u00e9 utilisant un ESIM. Qu&rsquo;il s&rsquo;agisse de quelques gigaoctets pour les cartes et [&hellip;]<\/p>\n","protected":false},"author":2,"featured_media":0,"parent":0,"menu_order":0,"comment_status":"closed","ping_status":"closed","template":"best-esim-template.php","meta":{"_lmt_disableupdate":"no","_lmt_disable":""},"categories":[600185,600181],"acf":[],"_links":{"self":[{"href":"https:\/\/expertworldtravel.com\/fr\/wp-json\/wp\/v2\/pages\/3134862"}],"collection":[{"href":"https:\/\/expertworldtravel.com\/fr\/wp-json\/wp\/v2\/pages"}],"about":[{"href":"https:\/\/expertworldtravel.com\/fr\/wp-json\/wp\/v2\/types\/page"}],"author":[{"embeddable":true,"href":"https:\/\/expertworldtravel.com\/fr\/wp-json\/wp\/v2\/users\/2"}],"replies":[{"embeddable":true,"href":"https:\/\/expertworldtravel.com\/fr\/wp-json\/wp\/v2\/comments?post=3134862"}],"version-history":[{"count":0,"href":"https:\/\/expertworldtravel.com\/fr\/wp-json\/wp\/v2\/pages\/3134862\/revisions"}],"wp:attachment":[{"href":"https:\/\/expertworldtravel.com\/fr\/wp-json\/wp\/v2\/media?parent=3134862"}],"wp:term":[{"taxonomy":"category","embeddable":true,"href":"https:\/\/expertworldtravel.com\/fr\/wp-json\/wp\/v2\/categories?post=3134862"}],"curies":[{"name":"wp","href":"https:\/\/api.w.org\/{rel}","templated":true}]}}