{"id":3135037,"date":"2023-05-05T16:24:50","date_gmt":"2023-05-05T16:24:50","guid":{"rendered":"https:\/\/expertworldtravel.com\/best-esim-maroc\/"},"modified":"2025-01-02T12:39:32","modified_gmt":"2025-01-02T12:39:32","slug":"esim-maroc","status":"publish","type":"page","link":"https:\/\/expertworldtravel.com\/fr\/esim-maroc\/","title":{"rendered":"Les meilleures eSIM du Maroc pour rester connect\u00e9 en voyageant"},"content":{"rendered":"<p>Vous avez besoin d&rsquo;une eSIM au Maroc pour rester connect\u00e9 pendant votre voyage ?<br \/>\nIl n&rsquo;y a rien de pire que de ne pas avoir de donn\u00e9es mobiles lorsque l&rsquo;on est en itin\u00e9rance dans un pays comme le Maroc.<br \/>\nEt une carte eSIM Maroc est une bou\u00e9e de sauvetage lorsqu&rsquo;il s&rsquo;agit d&rsquo;obtenir des donn\u00e9es mobiles \u00e0 un prix abordable.<br \/>\nMais quelle est la meilleure eSIM pour le Maroc ?<br \/>\nC&rsquo;est pour cela que je suis l\u00e0 pour vous aider.<br \/>\nRejoignez-moi pour passer en revue les meilleurs fournisseurs d&rsquo;eSIM Maroc disponibles et leurs plans afin que vous puissiez trouver le plan qui vous convient.<\/p>\n","protected":false},"excerpt":{"rendered":"<p>Vous avez besoin d&rsquo;une eSIM au Maroc pour rester connect\u00e9 pendant votre voyage ? Il n&rsquo;y a rien de pire que de ne pas avoir de donn\u00e9es mobiles lorsque l&rsquo;on est en itin\u00e9rance dans un pays comme le Maroc. Et une carte eSIM Maroc est une bou\u00e9e de sauvetage lorsqu&rsquo;il s&rsquo;agit d&rsquo;obtenir des donn\u00e9es mobiles [&hellip;]<\/p>\n","protected":false},"author":2,"featured_media":3134132,"parent":0,"menu_order":0,"comment_status":"closed","ping_status":"closed","template":"best-esim-template.php","meta":{"_lmt_disableupdate":"no","_lmt_disable":""},"categories":[600181],"acf":[],"_links":{"self":[{"href":"https:\/\/expertworldtravel.com\/fr\/wp-json\/wp\/v2\/pages\/3135037"}],"collection":[{"href":"https:\/\/expertworldtravel.com\/fr\/wp-json\/wp\/v2\/pages"}],"about":[{"href":"https:\/\/expertworldtravel.com\/fr\/wp-json\/wp\/v2\/types\/page"}],"author":[{"embeddable":true,"href":"https:\/\/expertworldtravel.com\/fr\/wp-json\/wp\/v2\/users\/2"}],"replies":[{"embeddable":true,"href":"https:\/\/expertworldtravel.com\/fr\/wp-json\/wp\/v2\/comments?post=3135037"}],"version-history":[{"count":2,"href":"https:\/\/expertworldtravel.com\/fr\/wp-json\/wp\/v2\/pages\/3135037\/revisions"}],"predecessor-version":[{"id":3142018,"href":"https:\/\/expertworldtravel.com\/fr\/wp-json\/wp\/v2\/pages\/3135037\/revisions\/3142018"}],"wp:featuredmedia":[{"embeddable":true,"href":"https:\/\/expertworldtravel.com\/fr\/wp-json\/wp\/v2\/media\/3134132"}],"wp:attachment":[{"href":"https:\/\/expertworldtravel.com\/fr\/wp-json\/wp\/v2\/media?parent=3135037"}],"wp:term":[{"taxonomy":"category","embeddable":true,"href":"https:\/\/expertworldtravel.com\/fr\/wp-json\/wp\/v2\/categories?post=3135037"}],"curies":[{"name":"wp","href":"https:\/\/api.w.org\/{rel}","templated":true}]}}