{"id":3135073,"date":"2023-01-05T21:23:22","date_gmt":"2023-01-05T21:23:22","guid":{"rendered":"https:\/\/expertworldtravel.com\/best-esim-thailand\/"},"modified":"2024-12-26T16:27:07","modified_gmt":"2024-12-26T16:27:07","slug":"esim-thailande","status":"publish","type":"page","link":"https:\/\/expertworldtravel.com\/fr\/esim-thailande\/","title":{"rendered":"Meilleure eSim pour Tha\u00eflande 2023 (Low Price Data)"},"content":{"rendered":"<p>Si vous vous rendez en Tha\u00eflande ou \u00e0 <a href=\"https:\/\/expertworldtravel.com\/bangkok-esims\/\" target=\"_blank\" rel=\"noopener\">Bangkok<\/a>, restez connect\u00e9 gr\u00e2ce \u00e0 une <strong>carte eSIM abordable<\/strong>.<\/p>\n<p>Bien s\u00fbr, vous pouvez vous procurer une <a href=\"https:\/\/expertworldtravel.com\/best-sim-card-thailand\/\" target=\"_blank\" rel=\"noopener\">carte SIM locale<\/a>, mais c&rsquo;est un vrai casse-t\u00eate.<\/p>\n<p>C&rsquo;est pourquoi vous devez vous procurer l&rsquo;une des meilleures eSIM pour la Tha\u00eflande. Que vous souhaitiez des donn\u00e9es illimit\u00e9es ou simplement la eSim la moins ch\u00e8re, nous les avons toutes tri\u00e9es et examin\u00e9es ci-dessous !<\/p>\n","protected":false},"excerpt":{"rendered":"<p>Si vous vous rendez en Tha\u00eflande ou \u00e0 Bangkok, restez connect\u00e9 gr\u00e2ce \u00e0 une carte eSIM abordable. Bien s\u00fbr, vous pouvez vous procurer une carte SIM locale, mais c&rsquo;est un vrai casse-t\u00eate. C&rsquo;est pourquoi vous devez vous procurer l&rsquo;une des meilleures eSIM pour la Tha\u00eflande. Que vous souhaitiez des donn\u00e9es illimit\u00e9es ou simplement la eSim [&hellip;]<\/p>\n","protected":false},"author":6,"featured_media":3132808,"parent":0,"menu_order":0,"comment_status":"closed","ping_status":"closed","template":"best-template.php","meta":{"_lmt_disableupdate":"no","_lmt_disable":""},"categories":[600185,600181],"acf":[],"_links":{"self":[{"href":"https:\/\/expertworldtravel.com\/fr\/wp-json\/wp\/v2\/pages\/3135073"}],"collection":[{"href":"https:\/\/expertworldtravel.com\/fr\/wp-json\/wp\/v2\/pages"}],"about":[{"href":"https:\/\/expertworldtravel.com\/fr\/wp-json\/wp\/v2\/types\/page"}],"author":[{"embeddable":true,"href":"https:\/\/expertworldtravel.com\/fr\/wp-json\/wp\/v2\/users\/6"}],"replies":[{"embeddable":true,"href":"https:\/\/expertworldtravel.com\/fr\/wp-json\/wp\/v2\/comments?post=3135073"}],"version-history":[{"count":1,"href":"https:\/\/expertworldtravel.com\/fr\/wp-json\/wp\/v2\/pages\/3135073\/revisions"}],"predecessor-version":[{"id":3141909,"href":"https:\/\/expertworldtravel.com\/fr\/wp-json\/wp\/v2\/pages\/3135073\/revisions\/3141909"}],"wp:featuredmedia":[{"embeddable":true,"href":"https:\/\/expertworldtravel.com\/fr\/wp-json\/wp\/v2\/media\/3132808"}],"wp:attachment":[{"href":"https:\/\/expertworldtravel.com\/fr\/wp-json\/wp\/v2\/media?parent=3135073"}],"wp:term":[{"taxonomy":"category","embeddable":true,"href":"https:\/\/expertworldtravel.com\/fr\/wp-json\/wp\/v2\/categories?post=3135073"}],"curies":[{"name":"wp","href":"https:\/\/api.w.org\/{rel}","templated":true}]}}