{"id":3135550,"date":"2023-02-06T07:18:03","date_gmt":"2023-02-06T07:18:03","guid":{"rendered":"https:\/\/expertworldtravel.com\/best-esim-spain\/"},"modified":"2024-12-23T15:27:47","modified_gmt":"2024-12-23T15:27:47","slug":"best-esim-spain","status":"publish","type":"page","link":"https:\/\/expertworldtravel.com\/fr\/best-esim-spain\/","title":{"rendered":"Meilleure eSIM pour l&rsquo;Espagne en 2025 (plus de probl\u00e8mes d&rsquo;itin\u00e9rance)"},"content":{"rendered":"<p>Vous vous rendez en Espagne et souhaitez obtenir une carte eSIM pour votre voyage ? Ce guide d\u00e9taill\u00e9 vous dira tout sur les meilleures cartes eSIM pour l&rsquo;Espagne ! J&rsquo;ai couvert tous les aspects des cartes eSIM en Espagne, de ce dont vous avez besoin pour obtenir une carte eSIM locale aux meilleurs forfaits eSIM disponibles sur le march\u00e9. Que vous ayez besoin d&rsquo;un num\u00e9ro de t\u00e9l\u00e9phone local ou de donn\u00e9es mobiles illimit\u00e9es, il y a une carte eSIM pour l&rsquo;Espagne parfaite pour vous et vous la trouverez ici ! <\/p>\n","protected":false},"excerpt":{"rendered":"<p>Vous vous rendez en Espagne et souhaitez obtenir une carte eSIM pour votre voyage ? Ce guide d\u00e9taill\u00e9 vous dira tout sur les meilleures cartes eSIM pour l&rsquo;Espagne ! J&rsquo;ai couvert tous les aspects des cartes eSIM en Espagne, de ce dont vous avez besoin pour obtenir une carte eSIM locale aux meilleurs forfaits eSIM [&hellip;]<\/p>\n","protected":false},"author":6,"featured_media":3132715,"parent":0,"menu_order":0,"comment_status":"closed","ping_status":"closed","template":"best-template.php","meta":{"_lmt_disableupdate":"","_lmt_disable":""},"categories":[],"acf":[],"_links":{"self":[{"href":"https:\/\/expertworldtravel.com\/fr\/wp-json\/wp\/v2\/pages\/3135550"}],"collection":[{"href":"https:\/\/expertworldtravel.com\/fr\/wp-json\/wp\/v2\/pages"}],"about":[{"href":"https:\/\/expertworldtravel.com\/fr\/wp-json\/wp\/v2\/types\/page"}],"author":[{"embeddable":true,"href":"https:\/\/expertworldtravel.com\/fr\/wp-json\/wp\/v2\/users\/6"}],"replies":[{"embeddable":true,"href":"https:\/\/expertworldtravel.com\/fr\/wp-json\/wp\/v2\/comments?post=3135550"}],"version-history":[{"count":1,"href":"https:\/\/expertworldtravel.com\/fr\/wp-json\/wp\/v2\/pages\/3135550\/revisions"}],"predecessor-version":[{"id":3141809,"href":"https:\/\/expertworldtravel.com\/fr\/wp-json\/wp\/v2\/pages\/3135550\/revisions\/3141809"}],"wp:featuredmedia":[{"embeddable":true,"href":"https:\/\/expertworldtravel.com\/fr\/wp-json\/wp\/v2\/media\/3132715"}],"wp:attachment":[{"href":"https:\/\/expertworldtravel.com\/fr\/wp-json\/wp\/v2\/media?parent=3135550"}],"wp:term":[{"taxonomy":"category","embeddable":true,"href":"https:\/\/expertworldtravel.com\/fr\/wp-json\/wp\/v2\/categories?post=3135550"}],"curies":[{"name":"wp","href":"https:\/\/api.w.org\/{rel}","templated":true}]}}