{"id":3135791,"date":"2023-07-31T18:48:12","date_gmt":"2023-07-31T18:48:12","guid":{"rendered":"https:\/\/expertworldtravel.com\/iles-canaries-esim\/"},"modified":"2024-12-20T13:30:13","modified_gmt":"2024-12-20T13:30:13","slug":"iles-canaries-esim","status":"publish","type":"page","link":"https:\/\/expertworldtravel.com\/fr\/iles-canaries-esim\/","title":{"rendered":"Les eSIM des \u00eeles Canaries pour voyager facilement en 2025"},"content":{"rendered":"<p>Besoin d&rsquo;une eSIM pour votre voyage aux \u00eeles Canaries ou \u00e0 Tenerife ? Alors vous \u00eates au bon endroit car ce guide d\u00e9taill\u00e9 vous dira tout sur les meilleures eSIM pour les \u00eeles Canaries !<\/p>\n<p>Vous trouverez ci-dessous les meilleures eSIM que j&rsquo;ai pu trouver en ligne, qui fonctionnent toutes parfaitement dans les \u00eeles Canaries et qui vous fourniront des donn\u00e9es fiables pour rester connect\u00e9 pendant vos vacances ou votre voyage d&rsquo;affaires.<\/p>\n","protected":false},"excerpt":{"rendered":"<p>Besoin d&rsquo;une eSIM pour votre voyage aux \u00eeles Canaries ou \u00e0 Tenerife ? Alors vous \u00eates au bon endroit car ce guide d\u00e9taill\u00e9 vous dira tout sur les meilleures eSIM pour les \u00eeles Canaries ! Vous trouverez ci-dessous les meilleures eSIM que j&rsquo;ai pu trouver en ligne, qui fonctionnent toutes parfaitement dans les \u00eeles Canaries [&hellip;]<\/p>\n","protected":false},"author":1,"featured_media":0,"parent":0,"menu_order":0,"comment_status":"closed","ping_status":"closed","template":"best-template.php","meta":{"_lmt_disableupdate":"","_lmt_disable":""},"categories":[],"acf":[],"_links":{"self":[{"href":"https:\/\/expertworldtravel.com\/fr\/wp-json\/wp\/v2\/pages\/3135791"}],"collection":[{"href":"https:\/\/expertworldtravel.com\/fr\/wp-json\/wp\/v2\/pages"}],"about":[{"href":"https:\/\/expertworldtravel.com\/fr\/wp-json\/wp\/v2\/types\/page"}],"author":[{"embeddable":true,"href":"https:\/\/expertworldtravel.com\/fr\/wp-json\/wp\/v2\/users\/1"}],"replies":[{"embeddable":true,"href":"https:\/\/expertworldtravel.com\/fr\/wp-json\/wp\/v2\/comments?post=3135791"}],"version-history":[{"count":2,"href":"https:\/\/expertworldtravel.com\/fr\/wp-json\/wp\/v2\/pages\/3135791\/revisions"}],"predecessor-version":[{"id":3141742,"href":"https:\/\/expertworldtravel.com\/fr\/wp-json\/wp\/v2\/pages\/3135791\/revisions\/3141742"}],"wp:attachment":[{"href":"https:\/\/expertworldtravel.com\/fr\/wp-json\/wp\/v2\/media?parent=3135791"}],"wp:term":[{"taxonomy":"category","embeddable":true,"href":"https:\/\/expertworldtravel.com\/fr\/wp-json\/wp\/v2\/categories?post=3135791"}],"curies":[{"name":"wp","href":"https:\/\/api.w.org\/{rel}","templated":true}]}}