{"id":3135888,"date":"2023-01-03T20:26:07","date_gmt":"2023-01-03T20:26:07","guid":{"rendered":"https:\/\/expertworldtravel.com\/best-esim-uk\/"},"modified":"2023-08-04T08:16:10","modified_gmt":"2023-08-04T08:16:10","slug":"esim-royaume-uni","status":"publish","type":"page","link":"https:\/\/expertworldtravel.com\/fr\/esim-royaume-uni\/","title":{"rendered":"Meilleure eSIM pour le Royaume-Uni et Londres 2023"},"content":{"rendered":"<p>Si vous vous rendez au Royaume-Uni, vous voudrez \u00e9viter les frais d&rsquo;itin\u00e9rance de donn\u00e9es co\u00fbteux qui sont factur\u00e9s par votre fournisseur de r\u00e9seau mobile d&rsquo;origine.<\/p>\n<p>L&rsquo;achat de <a href=\"https:\/\/expertworldtravel.com\/best-prepaid-sim-card-uk\/\" target=\"_blank\" rel=\"noopener\">cartes SIM<\/a> locales <a href=\"https:\/\/expertworldtravel.com\/best-prepaid-sim-card-uk\/\" target=\"_blank\" rel=\"noopener\">pr\u00e9pay\u00e9es<\/a> est une option, mais elle n&rsquo;est pas tr\u00e8s pratique. C&rsquo;est pourquoi nous pensons qu&rsquo;il est pr\u00e9f\u00e9rable d&rsquo;acheter une eSIM pour votre voyage plut\u00f4t qu&rsquo;une carte SIM britannique. Mais quelle est la meilleure carte eSim pour le Royaume-Uni ? C&rsquo;est ce que nous allons d\u00e9couvrir en <strong>comparant les plans eSIM pour le Royaume-Uni<\/strong>.<\/p>\n<p>Rejoignez-moi pour d\u00e9couvrir les meilleures eSim pour le Royaume-Uni des fournisseurs de cartes eSim pour le Royaume-Uni et Londres, leurs diff\u00e9rents plans de donn\u00e9es, et pourquoi les cartes eSim sont si utiles pour voyager.<\/p>\n","protected":false},"excerpt":{"rendered":"<p>Si vous vous rendez au Royaume-Uni, vous voudrez \u00e9viter les frais d&rsquo;itin\u00e9rance de donn\u00e9es co\u00fbteux qui sont factur\u00e9s par votre fournisseur de r\u00e9seau mobile d&rsquo;origine. L&rsquo;achat de cartes SIM locales pr\u00e9pay\u00e9es est une option, mais elle n&rsquo;est pas tr\u00e8s pratique. C&rsquo;est pourquoi nous pensons qu&rsquo;il est pr\u00e9f\u00e9rable d&rsquo;acheter une eSIM pour votre voyage plut\u00f4t qu&rsquo;une [&hellip;]<\/p>\n","protected":false},"author":6,"featured_media":3132788,"parent":0,"menu_order":0,"comment_status":"closed","ping_status":"closed","template":"best-template.php","meta":{"_lmt_disableupdate":"no","_lmt_disable":""},"categories":[600181,600189],"acf":[],"_links":{"self":[{"href":"https:\/\/expertworldtravel.com\/fr\/wp-json\/wp\/v2\/pages\/3135888"}],"collection":[{"href":"https:\/\/expertworldtravel.com\/fr\/wp-json\/wp\/v2\/pages"}],"about":[{"href":"https:\/\/expertworldtravel.com\/fr\/wp-json\/wp\/v2\/types\/page"}],"author":[{"embeddable":true,"href":"https:\/\/expertworldtravel.com\/fr\/wp-json\/wp\/v2\/users\/6"}],"replies":[{"embeddable":true,"href":"https:\/\/expertworldtravel.com\/fr\/wp-json\/wp\/v2\/comments?post=3135888"}],"version-history":[{"count":2,"href":"https:\/\/expertworldtravel.com\/fr\/wp-json\/wp\/v2\/pages\/3135888\/revisions"}],"predecessor-version":[{"id":3135892,"href":"https:\/\/expertworldtravel.com\/fr\/wp-json\/wp\/v2\/pages\/3135888\/revisions\/3135892"}],"wp:featuredmedia":[{"embeddable":true,"href":"https:\/\/expertworldtravel.com\/fr\/wp-json\/wp\/v2\/media\/3132788"}],"wp:attachment":[{"href":"https:\/\/expertworldtravel.com\/fr\/wp-json\/wp\/v2\/media?parent=3135888"}],"wp:term":[{"taxonomy":"category","embeddable":true,"href":"https:\/\/expertworldtravel.com\/fr\/wp-json\/wp\/v2\/categories?post=3135888"}],"curies":[{"name":"wp","href":"https:\/\/api.w.org\/{rel}","templated":true}]}}