{"id":3135893,"date":"2023-01-03T16:31:51","date_gmt":"2023-01-03T16:31:51","guid":{"rendered":"https:\/\/expertworldtravel.com\/best-esim-canada\/"},"modified":"2024-12-27T08:51:00","modified_gmt":"2024-12-27T08:51:00","slug":"esim-canada","status":"publish","type":"page","link":"https:\/\/expertworldtravel.com\/fr\/esim-canada\/","title":{"rendered":"Meilleure eSIM pour le Canada en 2025 (Get Data Cheaper)"},"content":{"rendered":"<p>Si vous voyagez au Canada, il n&rsquo;y a pas de meilleur moyen de rester connect\u00e9 sur votre t\u00e9l\u00e9phone portable ou votre tablette qu&rsquo;avec une eSIM pour le Canada. Les eSIM sont relativement r\u00e9centes, mais elles facilitent grandement la vie.<\/p>\n<p>Rejoignez-moi pour un guide d\u00e9taill\u00e9 sur les meilleures eSIMs pour tout le Canada : Toronto, Montr\u00e9al, Vancouver et partout ailleurs.<\/p>\n<p>J&rsquo;ai inclus les op\u00e9rateurs eSIM les plus populaires, internationaux et locaux, et je les ai compar\u00e9s les uns aux autres. Vous devriez pouvoir trouver ci-dessous le plan eSim id\u00e9al pour vous.<\/p>\n","protected":false},"excerpt":{"rendered":"<p>Si vous voyagez au Canada, il n&rsquo;y a pas de meilleur moyen de rester connect\u00e9 sur votre t\u00e9l\u00e9phone portable ou votre tablette qu&rsquo;avec une eSIM pour le Canada. Les eSIM sont relativement r\u00e9centes, mais elles facilitent grandement la vie. Rejoignez-moi pour un guide d\u00e9taill\u00e9 sur les meilleures eSIMs pour tout le Canada : Toronto, Montr\u00e9al, [&hellip;]<\/p>\n","protected":false},"author":6,"featured_media":3132768,"parent":0,"menu_order":0,"comment_status":"closed","ping_status":"closed","template":"best-template.php","meta":{"_lmt_disableupdate":"no","_lmt_disable":""},"categories":[600191,600181],"acf":[],"_links":{"self":[{"href":"https:\/\/expertworldtravel.com\/fr\/wp-json\/wp\/v2\/pages\/3135893"}],"collection":[{"href":"https:\/\/expertworldtravel.com\/fr\/wp-json\/wp\/v2\/pages"}],"about":[{"href":"https:\/\/expertworldtravel.com\/fr\/wp-json\/wp\/v2\/types\/page"}],"author":[{"embeddable":true,"href":"https:\/\/expertworldtravel.com\/fr\/wp-json\/wp\/v2\/users\/6"}],"replies":[{"embeddable":true,"href":"https:\/\/expertworldtravel.com\/fr\/wp-json\/wp\/v2\/comments?post=3135893"}],"version-history":[{"count":5,"href":"https:\/\/expertworldtravel.com\/fr\/wp-json\/wp\/v2\/pages\/3135893\/revisions"}],"predecessor-version":[{"id":3141925,"href":"https:\/\/expertworldtravel.com\/fr\/wp-json\/wp\/v2\/pages\/3135893\/revisions\/3141925"}],"wp:featuredmedia":[{"embeddable":true,"href":"https:\/\/expertworldtravel.com\/fr\/wp-json\/wp\/v2\/media\/3132768"}],"wp:attachment":[{"href":"https:\/\/expertworldtravel.com\/fr\/wp-json\/wp\/v2\/media?parent=3135893"}],"wp:term":[{"taxonomy":"category","embeddable":true,"href":"https:\/\/expertworldtravel.com\/fr\/wp-json\/wp\/v2\/categories?post=3135893"}],"curies":[{"name":"wp","href":"https:\/\/api.w.org\/{rel}","templated":true}]}}